{"id":258,"date":"2023-03-23T14:05:32","date_gmt":"2023-03-23T12:05:32","guid":{"rendered":"https:\/\/athosblue.com\/?page_id=258"},"modified":"2024-07-30T17:12:35","modified_gmt":"2024-07-30T14:12:35","slug":"ammoyliani-drenia","status":"publish","type":"page","link":"https:\/\/athosblue.com\/ro\/cruises\/ammoyliani-drenia\/","title":{"rendered":"AMMOULIANI - DRENIA"},"content":{"rendered":"<div data-elementor-type=\"wp-page\" data-elementor-id=\"258\" class=\"elementor elementor-258\" data-elementor-post-type=\"page\">\n\t\t\t\t\t\t<section class=\"elementor-section elementor-top-section elementor-element elementor-element-629fc65 elementor-section-height-min-height elementor-section-items-stretch elementor-section-content-middle elementor-section-boxed elementor-section-height-default\" data-id=\"629fc65\" data-element_type=\"section\" data-e-type=\"section\">\n\t\t\t\t\t\t<div class=\"elementor-container elementor-column-gap-no\">\n\t\t\t\t\t<div class=\"elementor-column elementor-col-50 elementor-top-column elementor-element elementor-element-de913cb\" data-id=\"de913cb\" data-element_type=\"column\" data-e-type=\"column\" data-settings=\"{&quot;background_background&quot;:&quot;classic&quot;}\">\n\t\t\t<div class=\"elementor-widget-wrap elementor-element-populated\">\n\t\t\t\t\t\t<div class=\"elementor-element elementor-element-56b0215 elementor-widget elementor-widget-text-editor\" data-id=\"56b0215\" data-element_type=\"widget\" data-e-type=\"widget\" data-widget_type=\"text-editor.default\">\n\t\t\t\t<div class=\"elementor-widget-container\">\n\t\t\t\t\t\t\t\t\t<p>Insula Ammouliani este singura insul\u0103 locuit\u0103 din \u00eentreaga Halkidiki \u0219i dispune at\u00e2t de plaje organizate, c\u00e2t \u0219i de golfuri cu nisip. La doar c\u00e2\u021biva metri de Ammouliani \u0219i chiar vizavi de Ouranoupoli se afl\u0103 insulele Drenia sau Gaidouronisia, a\u0219a cum le numesc localnicii, care formeaz\u0103 un grup de 6 insule mici. Acestea sunt dou\u0103 mici insuli\u021be nelocuite \u0219i patru insuli\u021be st\u00e2ncoase, unde ve\u021bi g\u0103si plaje frumoase cu nisip, cu ape cristaline de mic\u0103 ad\u00e2ncime, care evoc\u0103 un peisaj exotic fermec\u0103tor. Insula principal\u0103 este Drenia, pe care func\u021bioneaz\u0103 un beach bar cu o tavern\u0103 \u0219i o cantin\u0103.<\/p><p>\u00cen timpul turului, oferim gratuit sandvi\u0219uri reci, ap\u0103 \u0219i b\u0103uturi r\u0103coritoare. <span style=\"color: var( --e-global-color-4fe363f );\">\u00cen ziua \u00eenchirierii,\u00a0<\/span><span style=\"color: var( --e-global-color-4fe363f );\">trebuie s\u0103 ave\u021bi asupra dumneavoastr\u0103 cartea de identitate, pa\u0219aportul sau permisul de conducere.\u00a0<\/span><\/p>\t\t\t\t\t\t\t\t<\/div>\n\t\t\t\t<\/div>\n\t\t\t\t<div class=\"elementor-element elementor-element-5155a90 elementor-widget elementor-widget-text-editor\" data-id=\"5155a90\" data-element_type=\"widget\" data-e-type=\"widget\" data-widget_type=\"text-editor.default\">\n\t\t\t\t<div class=\"elementor-widget-container\">\n\t\t\t\t\t\t\t\t\t<p><\/p>\n<p><em>Durata sugerat\u0103: 4 ore<\/em><\/p>\t\t\t\t\t\t\t\t<\/div>\n\t\t\t\t<\/div>\n\t\t\t\t\t<\/div>\n\t\t<\/div>\n\t\t\t\t<div class=\"elementor-column elementor-col-50 elementor-top-column elementor-element elementor-element-9515b23 elementor-hidden-tablet elementor-hidden-mobile\" data-id=\"9515b23\" data-element_type=\"column\" data-e-type=\"column\" data-settings=\"{&quot;background_background&quot;:&quot;classic&quot;}\">\n\t\t\t<div class=\"elementor-widget-wrap\">\n\t\t\t\t\t\t\t<\/div>\n\t\t<\/div>\n\t\t\t\t\t<\/div>\n\t\t<\/section>\n\t\t\t\t<section class=\"elementor-section elementor-top-section elementor-element elementor-element-f9df1ff elementor-section-content-middle elementor-section-boxed elementor-section-height-default elementor-section-height-default\" data-id=\"f9df1ff\" data-element_type=\"section\" data-e-type=\"section\">\n\t\t\t\t\t\t<div class=\"elementor-container elementor-column-gap-no\">\n\t\t\t\t\t<div class=\"elementor-column elementor-col-100 elementor-top-column elementor-element elementor-element-ebd36a8\" data-id=\"ebd36a8\" data-element_type=\"column\" data-e-type=\"column\" data-settings=\"{&quot;background_background&quot;:&quot;classic&quot;}\">\n\t\t\t<div class=\"elementor-widget-wrap elementor-element-populated\">\n\t\t\t\t\t\t<div class=\"elementor-element elementor-element-07963c2 elementor-widget elementor-widget-gallery\" data-id=\"07963c2\" data-element_type=\"widget\" data-e-type=\"widget\" data-settings=\"{&quot;columns_tablet&quot;:3,&quot;gap&quot;:{&quot;unit&quot;:&quot;px&quot;,&quot;size&quot;:20,&quot;sizes&quot;:[]},&quot;gap_tablet&quot;:{&quot;unit&quot;:&quot;px&quot;,&quot;size&quot;:15,&quot;sizes&quot;:[]},&quot;gap_mobile&quot;:{&quot;unit&quot;:&quot;px&quot;,&quot;size&quot;:20,&quot;sizes&quot;:[]},&quot;lazyload&quot;:&quot;yes&quot;,&quot;gallery_layout&quot;:&quot;grid&quot;,&quot;columns&quot;:4,&quot;columns_mobile&quot;:1,&quot;link_to&quot;:&quot;file&quot;,&quot;aspect_ratio&quot;:&quot;3:2&quot;,&quot;overlay_background&quot;:&quot;yes&quot;,&quot;content_hover_animation&quot;:&quot;fade-in&quot;}\" data-widget_type=\"gallery.default\">\n\t\t\t\t<div class=\"elementor-widget-container\">\n\t\t\t\t\t\t\t<div class=\"elementor-gallery__container\">\n\t\t\t\t\t\t\t<a class=\"e-gallery-item elementor-gallery-item elementor-animated-content\" href=\"https:\/\/athosblue.com\/wp-content\/uploads\/shutterstock_1150579748-min-scaled.jpg\" data-elementor-open-lightbox=\"yes\" data-elementor-lightbox-slideshow=\"07963c2\" data-elementor-lightbox-title=\"shutterstock_1150579748-min\" data-e-action-hash=\"#elementor-action%3Aaction%3Dlightbox%26settings%3DeyJpZCI6NTUyLCJ1cmwiOiJodHRwczpcL1wvYXRob3NibHVlLmNvbVwvd3AtY29udGVudFwvdXBsb2Fkc1wvc2h1dHRlcnN0b2NrXzExNTA1Nzk3NDgtbWluLXNjYWxlZC5qcGciLCJzbGlkZXNob3ciOiIwNzk2M2MyIn0%3D\">\n\t\t\t\t\t<div class=\"e-gallery-image elementor-gallery-item__image\" data-thumbnail=\"https:\/\/athosblue.com\/wp-content\/uploads\/shutterstock_1150579748-min-300x225.jpg\" data-width=\"300\" data-height=\"225\" aria-label=\"\" role=\"img\" ><\/div>\n\t\t\t\t\t\t\t\t\t\t\t<div class=\"elementor-gallery-item__overlay\"><\/div>\n\t\t\t\t\t\t\t\t\t\t\t\t\t\t<\/a>\n\t\t\t\t\t\t\t<a class=\"e-gallery-item elementor-gallery-item elementor-animated-content\" href=\"https:\/\/athosblue.com\/wp-content\/uploads\/shutterstock_1151822354-min-scaled.jpg\" data-elementor-open-lightbox=\"yes\" data-elementor-lightbox-slideshow=\"07963c2\" data-elementor-lightbox-title=\"shutterstock_1151822354-min\" data-e-action-hash=\"#elementor-action%3Aaction%3Dlightbox%26settings%3DeyJpZCI6NTUzLCJ1cmwiOiJodHRwczpcL1wvYXRob3NibHVlLmNvbVwvd3AtY29udGVudFwvdXBsb2Fkc1wvc2h1dHRlcnN0b2NrXzExNTE4MjIzNTQtbWluLXNjYWxlZC5qcGciLCJzbGlkZXNob3ciOiIwNzk2M2MyIn0%3D\">\n\t\t\t\t\t<div class=\"e-gallery-image elementor-gallery-item__image\" data-thumbnail=\"https:\/\/athosblue.com\/wp-content\/uploads\/shutterstock_1151822354-min-300x155.jpg\" data-width=\"300\" data-height=\"155\" aria-label=\"\" role=\"img\" ><\/div>\n\t\t\t\t\t\t\t\t\t\t\t<div class=\"elementor-gallery-item__overlay\"><\/div>\n\t\t\t\t\t\t\t\t\t\t\t\t\t\t<\/a>\n\t\t\t\t\t\t\t<a class=\"e-gallery-item elementor-gallery-item elementor-animated-content\" href=\"https:\/\/athosblue.com\/wp-content\/uploads\/shutterstock_1156110610-min-scaled.jpg\" data-elementor-open-lightbox=\"yes\" data-elementor-lightbox-slideshow=\"07963c2\" data-elementor-lightbox-title=\"shutterstock_1156110610-min\" data-e-action-hash=\"#elementor-action%3Aaction%3Dlightbox%26settings%3DeyJpZCI6NTU0LCJ1cmwiOiJodHRwczpcL1wvYXRob3NibHVlLmNvbVwvd3AtY29udGVudFwvdXBsb2Fkc1wvc2h1dHRlcnN0b2NrXzExNTYxMTA2MTAtbWluLXNjYWxlZC5qcGciLCJzbGlkZXNob3ciOiIwNzk2M2MyIn0%3D\">\n\t\t\t\t\t<div class=\"e-gallery-image elementor-gallery-item__image\" data-thumbnail=\"https:\/\/athosblue.com\/wp-content\/uploads\/shutterstock_1156110610-min-300x158.jpg\" data-width=\"300\" data-height=\"158\" aria-label=\"\" role=\"img\" ><\/div>\n\t\t\t\t\t\t\t\t\t\t\t<div class=\"elementor-gallery-item__overlay\"><\/div>\n\t\t\t\t\t\t\t\t\t\t\t\t\t\t<\/a>\n\t\t\t\t\t\t\t<a class=\"e-gallery-item elementor-gallery-item elementor-animated-content\" href=\"https:\/\/athosblue.com\/wp-content\/uploads\/shutterstock_1487477984-min-scaled.jpg\" data-elementor-open-lightbox=\"yes\" data-elementor-lightbox-slideshow=\"07963c2\" data-elementor-lightbox-title=\"shutterstock_1487477984-min\" data-e-action-hash=\"#elementor-action%3Aaction%3Dlightbox%26settings%3DeyJpZCI6NTU1LCJ1cmwiOiJodHRwczpcL1wvYXRob3NibHVlLmNvbVwvd3AtY29udGVudFwvdXBsb2Fkc1wvc2h1dHRlcnN0b2NrXzE0ODc0Nzc5ODQtbWluLXNjYWxlZC5qcGciLCJzbGlkZXNob3ciOiIwNzk2M2MyIn0%3D\">\n\t\t\t\t\t<div class=\"e-gallery-image elementor-gallery-item__image\" data-thumbnail=\"https:\/\/athosblue.com\/wp-content\/uploads\/shutterstock_1487477984-min-300x169.jpg\" data-width=\"300\" data-height=\"169\" aria-label=\"\" role=\"img\" ><\/div>\n\t\t\t\t\t\t\t\t\t\t\t<div class=\"elementor-gallery-item__overlay\"><\/div>\n\t\t\t\t\t\t\t\t\t\t\t\t\t\t<\/a>\n\t\t\t\t\t<\/div>\n\t\t\t\t\t<\/div>\n\t\t\t\t<\/div>\n\t\t\t\t\t<\/div>\n\t\t<\/div>\n\t\t\t\t\t<\/div>\n\t\t<\/section>\n\t\t\t\t<\/div>","protected":false},"excerpt":{"rendered":"<p>\u0397 \u03bd\u03ae\u03c3\u03bf\u03c2 \u0391\u03bc\u03bc\u03bf\u03c5\u03bb\u03b9\u03b1\u03bd\u03ae \u03b5\u03af\u03bd\u03b1\u03b9 \u03c4\u03bf \u03bc\u03bf\u03bd\u03b1\u03b4\u03b9\u03ba\u03cc \u03ba\u03b1\u03c4\u03bf\u03b9\u03ba\u03b7\u03bc\u03ad\u03bd\u03bf \u03bd\u03b7\u03c3\u03af \u03c3\u03b5 \u03bf\u03bb\u03cc\u03ba\u03bb\u03b7\u03c1\u03b7 \u03c4\u03b7 \u03a7\u03b1\u03bb\u03ba\u03b9\u03b4\u03b9\u03ba\u03ae \u03ba\u03b1\u03b9 \u03c3\u03b5 \u03b1\u03c5\u03c4\u03ae\u03bd \u03c5\u03c0\u03ac\u03c1\u03c7\u03bf\u03c5\u03bd \u03c4\u03cc\u03c3\u03bf \u03bf\u03c1\u03b3\u03b1\u03bd\u03c9\u03bc\u03ad\u03bd\u03b5\u03c2 \u03c0\u03b1\u03c1\u03b1\u03bb\u03af\u03b5\u03c2, \u03cc\u03c3\u03bf \u03ba\u03b1\u03b9 \u03b1\u03bc\u03bc\u03ce\u03b4\u03b5\u03b9\u03c2 \u03ba\u03bf\u03bb\u03c0\u03af\u03c3\u03ba\u03bf\u03b9. \u03a3\u03b5 \u03b1\u03c0\u03cc\u03c3\u03c4\u03b1\u03c3\u03b7 \u03bc\u03cc\u03bb\u03b9\u03c2 \u03bb\u03af\u03b3\u03c9\u03bd \u03bc\u03ad\u03c4\u03c1\u03c9\u03bd \u03b1\u03c0\u03cc \u03c4\u03b7\u03bd \u0391\u03bc\u03bc\u03bf\u03c5\u03bb\u03b9\u03b1\u03bd\u03ae \u03ba\u03b1\u03b9 \u03b1\u03ba\u03c1\u03b9\u03b2\u03ce\u03c2 \u03b1\u03c0\u03ad\u03bd\u03b1\u03bd\u03c4\u03b9 \u03b1\u03c0\u03cc \u03c4\u03b7\u03bd \u039f\u03c5\u03c1\u03b1\u03bd\u03bf\u03cd\u03c0\u03bf\u03bb\u03b7 \u03c5\u03c0\u03ac\u03c1\u03c7\u03bf\u03c5\u03bd \u03c4\u03b1 \u03bd\u03b7\u03c3\u03b9\u03ac \u0394\u03c1\u03ad\u03bd\u03b9\u03b1 \u03ae \u0393\u03b1\u03ca\u03b4\u03bf\u03c5\u03c1\u03bf\u03bd\u03ae\u03c3\u03b9\u03b1, \u03cc\u03c0\u03c9\u03c2 \u03c4\u03b1 \u03b1\u03bd\u03b1\u03c6\u03ad\u03c1\u03bf\u03c5\u03bd \u03bf\u03b9 \u03bd\u03c4\u03cc\u03c0\u03b9\u03bf\u03b9, \u03c4\u03b1 \u03bf\u03c0\u03bf\u03af\u03b1 \u03b4\u03b7\u03bc\u03b9\u03bf\u03c5\u03c1\u03b3\u03bf\u03cd\u03bd \u03ad\u03bd\u03b1 \u03c3\u03cd\u03bc\u03c0\u03bb\u03b5\u03b3\u03bc\u03b1 6 \u03bc\u03b9\u03ba\u03c1\u03ce\u03bd [&hellip;]<\/p>","protected":false},"author":1,"featured_media":0,"parent":30,"menu_order":0,"comment_status":"closed","ping_status":"closed","template":"","meta":{"footnotes":""},"class_list":["post-258","page","type-page","status-publish","hentry"],"acf":[],"yoast_head":"<!-- This site is optimized with the Yoast SEO plugin v27.5 - https:\/\/yoast.com\/product\/yoast-seo-wordpress\/ -->\n<title>\u0391\u039c\u039c\u039f\u03a5\u039b\u0399\u0391\u039d\u0397 \u2013 \u0394\u03a1\u0395\u039d\u0399\u0391 - Athosblue<\/title>\n<meta name=\"robots\" content=\"index, follow, max-snippet:-1, max-image-preview:large, max-video-preview:-1\" \/>\n<link rel=\"canonical\" href=\"https:\/\/athosblue.com\/ro\/cruises\/ammoyliani-drenia\/\" \/>\n<meta property=\"og:locale\" content=\"ro_RO\" \/>\n<meta property=\"og:type\" content=\"article\" \/>\n<meta property=\"og:title\" content=\"\u0391\u039c\u039c\u039f\u03a5\u039b\u0399\u0391\u039d\u0397 \u2013 \u0394\u03a1\u0395\u039d\u0399\u0391 - Athosblue\" \/>\n<meta property=\"og:description\" content=\"\u0397 \u03bd\u03ae\u03c3\u03bf\u03c2 \u0391\u03bc\u03bc\u03bf\u03c5\u03bb\u03b9\u03b1\u03bd\u03ae \u03b5\u03af\u03bd\u03b1\u03b9 \u03c4\u03bf \u03bc\u03bf\u03bd\u03b1\u03b4\u03b9\u03ba\u03cc \u03ba\u03b1\u03c4\u03bf\u03b9\u03ba\u03b7\u03bc\u03ad\u03bd\u03bf \u03bd\u03b7\u03c3\u03af \u03c3\u03b5 \u03bf\u03bb\u03cc\u03ba\u03bb\u03b7\u03c1\u03b7 \u03c4\u03b7 \u03a7\u03b1\u03bb\u03ba\u03b9\u03b4\u03b9\u03ba\u03ae \u03ba\u03b1\u03b9 \u03c3\u03b5 \u03b1\u03c5\u03c4\u03ae\u03bd \u03c5\u03c0\u03ac\u03c1\u03c7\u03bf\u03c5\u03bd \u03c4\u03cc\u03c3\u03bf \u03bf\u03c1\u03b3\u03b1\u03bd\u03c9\u03bc\u03ad\u03bd\u03b5\u03c2 \u03c0\u03b1\u03c1\u03b1\u03bb\u03af\u03b5\u03c2, \u03cc\u03c3\u03bf \u03ba\u03b1\u03b9 \u03b1\u03bc\u03bc\u03ce\u03b4\u03b5\u03b9\u03c2 \u03ba\u03bf\u03bb\u03c0\u03af\u03c3\u03ba\u03bf\u03b9. \u03a3\u03b5 \u03b1\u03c0\u03cc\u03c3\u03c4\u03b1\u03c3\u03b7 \u03bc\u03cc\u03bb\u03b9\u03c2 \u03bb\u03af\u03b3\u03c9\u03bd \u03bc\u03ad\u03c4\u03c1\u03c9\u03bd \u03b1\u03c0\u03cc \u03c4\u03b7\u03bd \u0391\u03bc\u03bc\u03bf\u03c5\u03bb\u03b9\u03b1\u03bd\u03ae \u03ba\u03b1\u03b9 \u03b1\u03ba\u03c1\u03b9\u03b2\u03ce\u03c2 \u03b1\u03c0\u03ad\u03bd\u03b1\u03bd\u03c4\u03b9 \u03b1\u03c0\u03cc \u03c4\u03b7\u03bd \u039f\u03c5\u03c1\u03b1\u03bd\u03bf\u03cd\u03c0\u03bf\u03bb\u03b7 \u03c5\u03c0\u03ac\u03c1\u03c7\u03bf\u03c5\u03bd \u03c4\u03b1 \u03bd\u03b7\u03c3\u03b9\u03ac \u0394\u03c1\u03ad\u03bd\u03b9\u03b1 \u03ae \u0393\u03b1\u03ca\u03b4\u03bf\u03c5\u03c1\u03bf\u03bd\u03ae\u03c3\u03b9\u03b1, \u03cc\u03c0\u03c9\u03c2 \u03c4\u03b1 \u03b1\u03bd\u03b1\u03c6\u03ad\u03c1\u03bf\u03c5\u03bd \u03bf\u03b9 \u03bd\u03c4\u03cc\u03c0\u03b9\u03bf\u03b9, \u03c4\u03b1 \u03bf\u03c0\u03bf\u03af\u03b1 \u03b4\u03b7\u03bc\u03b9\u03bf\u03c5\u03c1\u03b3\u03bf\u03cd\u03bd \u03ad\u03bd\u03b1 \u03c3\u03cd\u03bc\u03c0\u03bb\u03b5\u03b3\u03bc\u03b1 6 \u03bc\u03b9\u03ba\u03c1\u03ce\u03bd [&hellip;]\" \/>\n<meta property=\"og:url\" content=\"https:\/\/athosblue.com\/ro\/cruises\/ammoyliani-drenia\/\" \/>\n<meta property=\"og:site_name\" content=\"Athosblue\" \/>\n<meta property=\"article:modified_time\" content=\"2024-07-30T14:12:35+00:00\" \/>\n<meta name=\"twitter:card\" content=\"summary_large_image\" \/>\n<meta name=\"twitter:label1\" content=\"Timp estimat pentru citire\" \/>\n\t<meta name=\"twitter:data1\" content=\"1 minut\" \/>\n<script type=\"application\/ld+json\" class=\"yoast-schema-graph\">{\"@context\":\"https:\\\/\\\/schema.org\",\"@graph\":[{\"@type\":\"WebPage\",\"@id\":\"https:\\\/\\\/athosblue.com\\\/cruises\\\/ammoyliani-drenia\\\/\",\"url\":\"https:\\\/\\\/athosblue.com\\\/cruises\\\/ammoyliani-drenia\\\/\",\"name\":\"\u0391\u039c\u039c\u039f\u03a5\u039b\u0399\u0391\u039d\u0397 \u2013 \u0394\u03a1\u0395\u039d\u0399\u0391 - Athosblue\",\"isPartOf\":{\"@id\":\"https:\\\/\\\/athosblue.com\\\/#website\"},\"datePublished\":\"2023-03-23T12:05:32+00:00\",\"dateModified\":\"2024-07-30T14:12:35+00:00\",\"breadcrumb\":{\"@id\":\"https:\\\/\\\/athosblue.com\\\/cruises\\\/ammoyliani-drenia\\\/#breadcrumb\"},\"inLanguage\":\"ro-RO\",\"potentialAction\":[{\"@type\":\"ReadAction\",\"target\":[\"https:\\\/\\\/athosblue.com\\\/cruises\\\/ammoyliani-drenia\\\/\"]}]},{\"@type\":\"BreadcrumbList\",\"@id\":\"https:\\\/\\\/athosblue.com\\\/cruises\\\/ammoyliani-drenia\\\/#breadcrumb\",\"itemListElement\":[{\"@type\":\"ListItem\",\"position\":1,\"name\":\"Home\",\"item\":\"https:\\\/\\\/athosblue.com\\\/\"},{\"@type\":\"ListItem\",\"position\":2,\"name\":\"\u039a\u03c1\u03bf\u03c5\u03b1\u03b6\u03b9\u03ad\u03c1\u03b5\u03c2\",\"item\":\"https:\\\/\\\/athosblue.com\\\/cruises\\\/\"},{\"@type\":\"ListItem\",\"position\":3,\"name\":\"\u0391\u039c\u039c\u039f\u03a5\u039b\u0399\u0391\u039d\u0397 \u2013 \u0394\u03a1\u0395\u039d\u0399\u0391\"}]},{\"@type\":\"WebSite\",\"@id\":\"https:\\\/\\\/athosblue.com\\\/#website\",\"url\":\"https:\\\/\\\/athosblue.com\\\/\",\"name\":\"Athosblue\",\"description\":\"\",\"publisher\":{\"@id\":\"https:\\\/\\\/athosblue.com\\\/#organization\"},\"potentialAction\":[{\"@type\":\"SearchAction\",\"target\":{\"@type\":\"EntryPoint\",\"urlTemplate\":\"https:\\\/\\\/athosblue.com\\\/?s={search_term_string}\"},\"query-input\":{\"@type\":\"PropertyValueSpecification\",\"valueRequired\":true,\"valueName\":\"search_term_string\"}}],\"inLanguage\":\"ro-RO\"},{\"@type\":\"Organization\",\"@id\":\"https:\\\/\\\/athosblue.com\\\/#organization\",\"name\":\"Athosblue\",\"url\":\"https:\\\/\\\/athosblue.com\\\/\",\"logo\":{\"@type\":\"ImageObject\",\"inLanguage\":\"ro-RO\",\"@id\":\"https:\\\/\\\/athosblue.com\\\/#\\\/schema\\\/logo\\\/image\\\/\",\"url\":\"https:\\\/\\\/athosblue.com\\\/wp-content\\\/uploads\\\/athos_blue_logo_final.png\",\"contentUrl\":\"https:\\\/\\\/athosblue.com\\\/wp-content\\\/uploads\\\/athos_blue_logo_final.png\",\"width\":1600,\"height\":681,\"caption\":\"Athosblue\"},\"image\":{\"@id\":\"https:\\\/\\\/athosblue.com\\\/#\\\/schema\\\/logo\\\/image\\\/\"}}]}<\/script>\n<!-- \/ Yoast SEO plugin. -->","yoast_head_json":{"title":"\u0391\u039c\u039c\u039f\u03a5\u039b\u0399\u0391\u039d\u0397 \u2013 \u0394\u03a1\u0395\u039d\u0399\u0391 - Athosblue","robots":{"index":"index","follow":"follow","max-snippet":"max-snippet:-1","max-image-preview":"max-image-preview:large","max-video-preview":"max-video-preview:-1"},"canonical":"https:\/\/athosblue.com\/ro\/cruises\/ammoyliani-drenia\/","og_locale":"ro_RO","og_type":"article","og_title":"\u0391\u039c\u039c\u039f\u03a5\u039b\u0399\u0391\u039d\u0397 \u2013 \u0394\u03a1\u0395\u039d\u0399\u0391 - Athosblue","og_description":"\u0397 \u03bd\u03ae\u03c3\u03bf\u03c2 \u0391\u03bc\u03bc\u03bf\u03c5\u03bb\u03b9\u03b1\u03bd\u03ae \u03b5\u03af\u03bd\u03b1\u03b9 \u03c4\u03bf \u03bc\u03bf\u03bd\u03b1\u03b4\u03b9\u03ba\u03cc \u03ba\u03b1\u03c4\u03bf\u03b9\u03ba\u03b7\u03bc\u03ad\u03bd\u03bf \u03bd\u03b7\u03c3\u03af \u03c3\u03b5 \u03bf\u03bb\u03cc\u03ba\u03bb\u03b7\u03c1\u03b7 \u03c4\u03b7 \u03a7\u03b1\u03bb\u03ba\u03b9\u03b4\u03b9\u03ba\u03ae \u03ba\u03b1\u03b9 \u03c3\u03b5 \u03b1\u03c5\u03c4\u03ae\u03bd \u03c5\u03c0\u03ac\u03c1\u03c7\u03bf\u03c5\u03bd \u03c4\u03cc\u03c3\u03bf \u03bf\u03c1\u03b3\u03b1\u03bd\u03c9\u03bc\u03ad\u03bd\u03b5\u03c2 \u03c0\u03b1\u03c1\u03b1\u03bb\u03af\u03b5\u03c2, \u03cc\u03c3\u03bf \u03ba\u03b1\u03b9 \u03b1\u03bc\u03bc\u03ce\u03b4\u03b5\u03b9\u03c2 \u03ba\u03bf\u03bb\u03c0\u03af\u03c3\u03ba\u03bf\u03b9. \u03a3\u03b5 \u03b1\u03c0\u03cc\u03c3\u03c4\u03b1\u03c3\u03b7 \u03bc\u03cc\u03bb\u03b9\u03c2 \u03bb\u03af\u03b3\u03c9\u03bd \u03bc\u03ad\u03c4\u03c1\u03c9\u03bd \u03b1\u03c0\u03cc \u03c4\u03b7\u03bd \u0391\u03bc\u03bc\u03bf\u03c5\u03bb\u03b9\u03b1\u03bd\u03ae \u03ba\u03b1\u03b9 \u03b1\u03ba\u03c1\u03b9\u03b2\u03ce\u03c2 \u03b1\u03c0\u03ad\u03bd\u03b1\u03bd\u03c4\u03b9 \u03b1\u03c0\u03cc \u03c4\u03b7\u03bd \u039f\u03c5\u03c1\u03b1\u03bd\u03bf\u03cd\u03c0\u03bf\u03bb\u03b7 \u03c5\u03c0\u03ac\u03c1\u03c7\u03bf\u03c5\u03bd \u03c4\u03b1 \u03bd\u03b7\u03c3\u03b9\u03ac \u0394\u03c1\u03ad\u03bd\u03b9\u03b1 \u03ae \u0393\u03b1\u03ca\u03b4\u03bf\u03c5\u03c1\u03bf\u03bd\u03ae\u03c3\u03b9\u03b1, \u03cc\u03c0\u03c9\u03c2 \u03c4\u03b1 \u03b1\u03bd\u03b1\u03c6\u03ad\u03c1\u03bf\u03c5\u03bd \u03bf\u03b9 \u03bd\u03c4\u03cc\u03c0\u03b9\u03bf\u03b9, \u03c4\u03b1 \u03bf\u03c0\u03bf\u03af\u03b1 \u03b4\u03b7\u03bc\u03b9\u03bf\u03c5\u03c1\u03b3\u03bf\u03cd\u03bd \u03ad\u03bd\u03b1 \u03c3\u03cd\u03bc\u03c0\u03bb\u03b5\u03b3\u03bc\u03b1 6 \u03bc\u03b9\u03ba\u03c1\u03ce\u03bd [&hellip;]","og_url":"https:\/\/athosblue.com\/ro\/cruises\/ammoyliani-drenia\/","og_site_name":"Athosblue","article_modified_time":"2024-07-30T14:12:35+00:00","twitter_card":"summary_large_image","twitter_misc":{"Timp estimat pentru citire":"1 minut"},"schema":{"@context":"https:\/\/schema.org","@graph":[{"@type":"WebPage","@id":"https:\/\/athosblue.com\/cruises\/ammoyliani-drenia\/","url":"https:\/\/athosblue.com\/cruises\/ammoyliani-drenia\/","name":"\u0391\u039c\u039c\u039f\u03a5\u039b\u0399\u0391\u039d\u0397 \u2013 \u0394\u03a1\u0395\u039d\u0399\u0391 - Athosblue","isPartOf":{"@id":"https:\/\/athosblue.com\/#website"},"datePublished":"2023-03-23T12:05:32+00:00","dateModified":"2024-07-30T14:12:35+00:00","breadcrumb":{"@id":"https:\/\/athosblue.com\/cruises\/ammoyliani-drenia\/#breadcrumb"},"inLanguage":"ro-RO","potentialAction":[{"@type":"ReadAction","target":["https:\/\/athosblue.com\/cruises\/ammoyliani-drenia\/"]}]},{"@type":"BreadcrumbList","@id":"https:\/\/athosblue.com\/cruises\/ammoyliani-drenia\/#breadcrumb","itemListElement":[{"@type":"ListItem","position":1,"name":"Home","item":"https:\/\/athosblue.com\/"},{"@type":"ListItem","position":2,"name":"\u039a\u03c1\u03bf\u03c5\u03b1\u03b6\u03b9\u03ad\u03c1\u03b5\u03c2","item":"https:\/\/athosblue.com\/cruises\/"},{"@type":"ListItem","position":3,"name":"\u0391\u039c\u039c\u039f\u03a5\u039b\u0399\u0391\u039d\u0397 \u2013 \u0394\u03a1\u0395\u039d\u0399\u0391"}]},{"@type":"WebSite","@id":"https:\/\/athosblue.com\/#website","url":"https:\/\/athosblue.com\/","name":"Athosblue","description":"","publisher":{"@id":"https:\/\/athosblue.com\/#organization"},"potentialAction":[{"@type":"SearchAction","target":{"@type":"EntryPoint","urlTemplate":"https:\/\/athosblue.com\/?s={search_term_string}"},"query-input":{"@type":"PropertyValueSpecification","valueRequired":true,"valueName":"search_term_string"}}],"inLanguage":"ro-RO"},{"@type":"Organization","@id":"https:\/\/athosblue.com\/#organization","name":"Athosblue","url":"https:\/\/athosblue.com\/","logo":{"@type":"ImageObject","inLanguage":"ro-RO","@id":"https:\/\/athosblue.com\/#\/schema\/logo\/image\/","url":"https:\/\/athosblue.com\/wp-content\/uploads\/athos_blue_logo_final.png","contentUrl":"https:\/\/athosblue.com\/wp-content\/uploads\/athos_blue_logo_final.png","width":1600,"height":681,"caption":"Athosblue"},"image":{"@id":"https:\/\/athosblue.com\/#\/schema\/logo\/image\/"}}]}},"_links":{"self":[{"href":"https:\/\/athosblue.com\/ro\/wp-json\/wp\/v2\/pages\/258","targetHints":{"allow":["GET"]}}],"collection":[{"href":"https:\/\/athosblue.com\/ro\/wp-json\/wp\/v2\/pages"}],"about":[{"href":"https:\/\/athosblue.com\/ro\/wp-json\/wp\/v2\/types\/page"}],"author":[{"embeddable":true,"href":"https:\/\/athosblue.com\/ro\/wp-json\/wp\/v2\/users\/1"}],"replies":[{"embeddable":true,"href":"https:\/\/athosblue.com\/ro\/wp-json\/wp\/v2\/comments?post=258"}],"version-history":[{"count":58,"href":"https:\/\/athosblue.com\/ro\/wp-json\/wp\/v2\/pages\/258\/revisions"}],"predecessor-version":[{"id":1011,"href":"https:\/\/athosblue.com\/ro\/wp-json\/wp\/v2\/pages\/258\/revisions\/1011"}],"up":[{"embeddable":true,"href":"https:\/\/athosblue.com\/ro\/wp-json\/wp\/v2\/pages\/30"}],"wp:attachment":[{"href":"https:\/\/athosblue.com\/ro\/wp-json\/wp\/v2\/media?parent=258"}],"curies":[{"name":"wp","href":"https:\/\/api.w.org\/{rel}","templated":true}]}}