{"id":26,"date":"2023-03-07T08:21:46","date_gmt":"2023-03-07T06:21:46","guid":{"rendered":"https:\/\/athosblue.com\/?page_id=26"},"modified":"2024-07-29T16:59:39","modified_gmt":"2024-07-29T13:59:39","slug":"about","status":"publish","type":"page","link":"https:\/\/athosblue.com\/ro\/about\/","title":{"rendered":"\u03a3\u03c7\u03b5\u03c4\u03b9\u03ba\u03ac"},"content":{"rendered":"<div data-elementor-type=\"wp-page\" data-elementor-id=\"26\" class=\"elementor elementor-26\" data-elementor-post-type=\"page\">\n\t\t\t\t\t\t<section class=\"elementor-section elementor-top-section elementor-element elementor-element-60dd920 elementor-section-content-middle elementor-section-boxed elementor-section-height-default elementor-section-height-default\" data-id=\"60dd920\" data-element_type=\"section\" data-e-type=\"section\">\n\t\t\t\t\t\t<div class=\"elementor-container elementor-column-gap-no\">\n\t\t\t\t\t<div class=\"elementor-column elementor-col-50 elementor-top-column elementor-element elementor-element-11664f3\" data-id=\"11664f3\" data-element_type=\"column\" data-e-type=\"column\">\n\t\t\t<div class=\"elementor-widget-wrap elementor-element-populated\">\n\t\t\t\t\t\t<div class=\"elementor-element elementor-element-33963fb elementor-widget elementor-widget-heading\" data-id=\"33963fb\" data-element_type=\"widget\" data-e-type=\"widget\" data-widget_type=\"heading.default\">\n\t\t\t\t<div class=\"elementor-widget-container\">\n\t\t\t\t\t<h2 class=\"elementor-heading-title elementor-size-default\">Despre Noi<\/h2>\t\t\t\t<\/div>\n\t\t\t\t<\/div>\n\t\t\t\t<div class=\"elementor-element elementor-element-54313a6 elementor-widget elementor-widget-text-editor\" data-id=\"54313a6\" data-element_type=\"widget\" data-e-type=\"widget\" data-widget_type=\"text-editor.default\">\n\t\t\t\t<div class=\"elementor-widget-container\">\n\t\t\t\t\t\t\t\t\t<p class=\"MsoNormal\">Anii de experien\u021b\u0103, precum \u0219i marea noastr\u0103 dragoste pentru ambarca\u021biuni \u0219i mare, ne-au condus la crearea <span lang=\"EN-US\">ATHOS<\/span> <span lang=\"EN-US\">BLUE<\/span> <span lang=\"EN-US\">CRUISING<\/span> &amp; <span lang=\"EN-US\">FISHING<\/span> <span lang=\"EN-US\">EXPERIENCE<\/span>. Ambarca\u021biunile noastre bine echipate, \u00eempreun\u0103 cu personalul nostru experimentat, sunt gata s\u0103 v\u0103 conduc\u0103 spre cea mai bun\u0103 evadare \"albastr\u0103\"!<\/p><h3>C\u0103l\u0103tori\u021bi \u00cen Siguran\u021b\u0103!<\/h3><p>Ambarca\u021biunile noastre sunt noi \u0219i perfect \u00eentre\u021binute, fiecare echipat\u0103 cu 2 motoare exterioare. Siguran\u021ba dumneavoastr\u0103 este garantat\u0103, deoarece fiecare ambarca\u021biune este echipat\u0103 cu un dispozitiv de urm\u0103rire GPS, precum \u0219i cu toate echipamentele de salvare prev\u0103zute de autorit\u0103\u021bile portuare. Cur\u0103\u021benia este prima noastr\u0103 prioritate. Fiecare ambarca\u021biune este cur\u0103\u021bat\u0103 \u0219i dezinfectat\u0103 temeinic \u00eenainte de fiecare \u00eenchiriere. \u00cen cele din urm\u0103, toate ambarca\u021biunile noastre sunt asigurate pentru r\u0103spundere civil\u0103, v\u0103t\u0103mare corporal\u0103 \u0219i poluare marin\u0103.<\/p>\t\t\t\t\t\t\t\t<\/div>\n\t\t\t\t<\/div>\n\t\t\t\t\t<\/div>\n\t\t<\/div>\n\t\t\t\t<div class=\"elementor-column elementor-col-50 elementor-top-column elementor-element elementor-element-19f3a9f elementor-invisible\" data-id=\"19f3a9f\" data-element_type=\"column\" data-e-type=\"column\" data-settings=\"{&quot;animation&quot;:&quot;fadeIn&quot;}\">\n\t\t\t<div class=\"elementor-widget-wrap elementor-element-populated\">\n\t\t\t\t\t\t<div class=\"elementor-element elementor-element-dd731e1 elementor-widget elementor-widget-image\" data-id=\"dd731e1\" data-element_type=\"widget\" data-e-type=\"widget\" data-widget_type=\"image.default\">\n\t\t\t\t<div class=\"elementor-widget-container\">\n\t\t\t\t\t\t\t\t\t\t\t\t\t\t\t<img fetchpriority=\"high\" decoding=\"async\" width=\"773\" height=\"434\" src=\"https:\/\/athosblue.com\/wp-content\/uploads\/\u03b1\u03c1\u03b9\u03c3\u03c4\u03b5\u03c1\u03b1-\u03ba\u03b5\u03b9\u03bc\u03b5\u03bd\u03bf.png\" class=\"attachment-full size-full wp-image-961\" alt=\"\" srcset=\"https:\/\/athosblue.com\/wp-content\/uploads\/\u03b1\u03c1\u03b9\u03c3\u03c4\u03b5\u03c1\u03b1-\u03ba\u03b5\u03b9\u03bc\u03b5\u03bd\u03bf.png 773w, https:\/\/athosblue.com\/wp-content\/uploads\/\u03b1\u03c1\u03b9\u03c3\u03c4\u03b5\u03c1\u03b1-\u03ba\u03b5\u03b9\u03bc\u03b5\u03bd\u03bf-300x168.png 300w, https:\/\/athosblue.com\/wp-content\/uploads\/\u03b1\u03c1\u03b9\u03c3\u03c4\u03b5\u03c1\u03b1-\u03ba\u03b5\u03b9\u03bc\u03b5\u03bd\u03bf-768x431.png 768w, https:\/\/athosblue.com\/wp-content\/uploads\/\u03b1\u03c1\u03b9\u03c3\u03c4\u03b5\u03c1\u03b1-\u03ba\u03b5\u03b9\u03bc\u03b5\u03bd\u03bf-18x10.png 18w\" sizes=\"(max-width: 773px) 100vw, 773px\" \/>\t\t\t\t\t\t\t\t\t\t\t\t\t\t\t<\/div>\n\t\t\t\t<\/div>\n\t\t\t\t\t<\/div>\n\t\t<\/div>\n\t\t\t\t\t<\/div>\n\t\t<\/section>\n\t\t\t\t<\/div>","protected":false},"excerpt":{"rendered":"<p>\u03a3\u03c7\u03b5\u03c4\u03b9\u03ba\u03ac \u039c\u03b5 \u0395\u03bc\u03ac\u03c2 \u0397 \u03b5\u03bc\u03c0\u03b5\u03b9\u03c1\u03af\u03b1 \u03b5\u03c4\u03ce\u03bd, \u03ba\u03b1\u03b8\u03ce\u03c2 \u03ba\u03b1\u03b9 \u03b7 \u03bc\u03b5\u03b3\u03ac\u03bb\u03b7 \u03bc\u03b1\u03c2 \u03b1\u03b3\u03ac\u03c0\u03b7 \u03b3\u03b9\u03b1 \u03c4\u03b1 \u03c3\u03ba\u03ac\u03c6\u03b7 \u03ba\u03b1\u03b9 \u03c4\u03b7 \u03b8\u03ac\u03bb\u03b1\u03c3\u03c3\u03b1, \u03bc\u03b1\u03c2 \u03ce\u03b8\u03b7\u03c3\u03b1\u03bd \u03c3\u03c4\u03bf \u03bd\u03b1 \u03b4\u03b7\u03bc\u03b9\u03bf\u03c5\u03c1\u03b3\u03ae\u03c3\u03bf\u03c5\u03bc\u03b5 \u03c4\u03b7\u03bd ATHOS BLUE CRUISING &amp; FISHING EXPERIENCE. \u03a4\u03b1 \u03ac\u03c1\u03c4\u03b9\u03b1 \u03b5\u03be\u03bf\u03c0\u03bb\u03b9\u03c3\u03bc\u03ad\u03bd\u03b1 \u03c3\u03ba\u03ac\u03c6\u03b7 \u03bc\u03b1\u03c2, \u03bc\u03b1\u03b6\u03af \u03bc\u03b5 \u03c4\u03bf \u03ad\u03bc\u03c0\u03b5\u03b9\u03c1\u03bf \u03c0\u03c1\u03bf\u03c3\u03c9\u03c0\u03b9\u03ba\u03cc \u03bc\u03b1\u03c2, \u03b5\u03af\u03bd\u03b1\u03b9 \u03ad\u03c4\u03bf\u03b9\u03bc\u03b1 \u03bd\u03b1 \u03c3\u03b1\u03c2 \u03bf\u03b4\u03b7\u03b3\u03ae\u03c3\u03bf\u03c5\u03bd \u03c3\u03c4\u03b7\u03bd \u03b1\u03c0\u03cc\u03bb\u03c5\u03c4\u03b7 &#8220;\u03b3\u03b1\u03bb\u03ac\u03b6\u03b9\u03b1&#8221; \u03b1\u03c0\u03cc\u03b4\u03c1\u03b1\u03c3\u03b7! \u03a4\u03b1\u03be\u03b9\u03b4\u03ad\u03c8\u03c4\u03b5 \u03bc\u03b5 \u0391\u03c3\u03c6\u03ac\u03bb\u03b5\u03b9\u03b1! \u03a4\u03b1 \u03c3\u03ba\u03ac\u03c6\u03b7 [&hellip;]<\/p>","protected":false},"author":1,"featured_media":0,"parent":0,"menu_order":0,"comment_status":"closed","ping_status":"closed","template":"","meta":{"footnotes":""},"class_list":["post-26","page","type-page","status-publish","hentry"],"acf":[],"yoast_head":"<!-- This site is optimized with the Yoast SEO plugin v27.5 - https:\/\/yoast.com\/product\/yoast-seo-wordpress\/ -->\n<title>\u03a3\u03c7\u03b5\u03c4\u03b9\u03ba\u03ac - Athosblue<\/title>\n<meta name=\"robots\" content=\"index, follow, max-snippet:-1, max-image-preview:large, max-video-preview:-1\" \/>\n<link rel=\"canonical\" href=\"https:\/\/athosblue.com\/ro\/about\/\" \/>\n<meta property=\"og:locale\" content=\"ro_RO\" \/>\n<meta property=\"og:type\" content=\"article\" \/>\n<meta property=\"og:title\" content=\"\u03a3\u03c7\u03b5\u03c4\u03b9\u03ba\u03ac - Athosblue\" \/>\n<meta property=\"og:description\" content=\"\u03a3\u03c7\u03b5\u03c4\u03b9\u03ba\u03ac \u039c\u03b5 \u0395\u03bc\u03ac\u03c2 \u0397 \u03b5\u03bc\u03c0\u03b5\u03b9\u03c1\u03af\u03b1 \u03b5\u03c4\u03ce\u03bd, \u03ba\u03b1\u03b8\u03ce\u03c2 \u03ba\u03b1\u03b9 \u03b7 \u03bc\u03b5\u03b3\u03ac\u03bb\u03b7 \u03bc\u03b1\u03c2 \u03b1\u03b3\u03ac\u03c0\u03b7 \u03b3\u03b9\u03b1 \u03c4\u03b1 \u03c3\u03ba\u03ac\u03c6\u03b7 \u03ba\u03b1\u03b9 \u03c4\u03b7 \u03b8\u03ac\u03bb\u03b1\u03c3\u03c3\u03b1, \u03bc\u03b1\u03c2 \u03ce\u03b8\u03b7\u03c3\u03b1\u03bd \u03c3\u03c4\u03bf \u03bd\u03b1 \u03b4\u03b7\u03bc\u03b9\u03bf\u03c5\u03c1\u03b3\u03ae\u03c3\u03bf\u03c5\u03bc\u03b5 \u03c4\u03b7\u03bd ATHOS BLUE CRUISING &amp; FISHING EXPERIENCE. \u03a4\u03b1 \u03ac\u03c1\u03c4\u03b9\u03b1 \u03b5\u03be\u03bf\u03c0\u03bb\u03b9\u03c3\u03bc\u03ad\u03bd\u03b1 \u03c3\u03ba\u03ac\u03c6\u03b7 \u03bc\u03b1\u03c2, \u03bc\u03b1\u03b6\u03af \u03bc\u03b5 \u03c4\u03bf \u03ad\u03bc\u03c0\u03b5\u03b9\u03c1\u03bf \u03c0\u03c1\u03bf\u03c3\u03c9\u03c0\u03b9\u03ba\u03cc \u03bc\u03b1\u03c2, \u03b5\u03af\u03bd\u03b1\u03b9 \u03ad\u03c4\u03bf\u03b9\u03bc\u03b1 \u03bd\u03b1 \u03c3\u03b1\u03c2 \u03bf\u03b4\u03b7\u03b3\u03ae\u03c3\u03bf\u03c5\u03bd \u03c3\u03c4\u03b7\u03bd \u03b1\u03c0\u03cc\u03bb\u03c5\u03c4\u03b7 &#8220;\u03b3\u03b1\u03bb\u03ac\u03b6\u03b9\u03b1&#8221; \u03b1\u03c0\u03cc\u03b4\u03c1\u03b1\u03c3\u03b7! \u03a4\u03b1\u03be\u03b9\u03b4\u03ad\u03c8\u03c4\u03b5 \u03bc\u03b5 \u0391\u03c3\u03c6\u03ac\u03bb\u03b5\u03b9\u03b1! \u03a4\u03b1 \u03c3\u03ba\u03ac\u03c6\u03b7 [&hellip;]\" \/>\n<meta property=\"og:url\" content=\"https:\/\/athosblue.com\/ro\/about\/\" \/>\n<meta property=\"og:site_name\" content=\"Athosblue\" \/>\n<meta property=\"article:modified_time\" content=\"2024-07-29T13:59:39+00:00\" \/>\n<meta name=\"twitter:card\" content=\"summary_large_image\" \/>\n<meta name=\"twitter:label1\" content=\"Timp estimat pentru citire\" \/>\n\t<meta name=\"twitter:data1\" content=\"1 minut\" \/>\n<script type=\"application\/ld+json\" class=\"yoast-schema-graph\">{\"@context\":\"https:\\\/\\\/schema.org\",\"@graph\":[{\"@type\":\"WebPage\",\"@id\":\"https:\\\/\\\/athosblue.com\\\/en\\\/about\\\/\",\"url\":\"https:\\\/\\\/athosblue.com\\\/en\\\/about\\\/\",\"name\":\"\u03a3\u03c7\u03b5\u03c4\u03b9\u03ba\u03ac - Athosblue\",\"isPartOf\":{\"@id\":\"https:\\\/\\\/athosblue.com\\\/#website\"},\"datePublished\":\"2023-03-07T06:21:46+00:00\",\"dateModified\":\"2024-07-29T13:59:39+00:00\",\"breadcrumb\":{\"@id\":\"https:\\\/\\\/athosblue.com\\\/en\\\/about\\\/#breadcrumb\"},\"inLanguage\":\"ro-RO\",\"potentialAction\":[{\"@type\":\"ReadAction\",\"target\":[\"https:\\\/\\\/athosblue.com\\\/en\\\/about\\\/\"]}]},{\"@type\":\"BreadcrumbList\",\"@id\":\"https:\\\/\\\/athosblue.com\\\/en\\\/about\\\/#breadcrumb\",\"itemListElement\":[{\"@type\":\"ListItem\",\"position\":1,\"name\":\"Home\",\"item\":\"https:\\\/\\\/athosblue.com\\\/\"},{\"@type\":\"ListItem\",\"position\":2,\"name\":\"\u03a3\u03c7\u03b5\u03c4\u03b9\u03ba\u03ac\"}]},{\"@type\":\"WebSite\",\"@id\":\"https:\\\/\\\/athosblue.com\\\/#website\",\"url\":\"https:\\\/\\\/athosblue.com\\\/\",\"name\":\"Athosblue\",\"description\":\"\",\"publisher\":{\"@id\":\"https:\\\/\\\/athosblue.com\\\/#organization\"},\"potentialAction\":[{\"@type\":\"SearchAction\",\"target\":{\"@type\":\"EntryPoint\",\"urlTemplate\":\"https:\\\/\\\/athosblue.com\\\/?s={search_term_string}\"},\"query-input\":{\"@type\":\"PropertyValueSpecification\",\"valueRequired\":true,\"valueName\":\"search_term_string\"}}],\"inLanguage\":\"ro-RO\"},{\"@type\":\"Organization\",\"@id\":\"https:\\\/\\\/athosblue.com\\\/#organization\",\"name\":\"Athosblue\",\"url\":\"https:\\\/\\\/athosblue.com\\\/\",\"logo\":{\"@type\":\"ImageObject\",\"inLanguage\":\"ro-RO\",\"@id\":\"https:\\\/\\\/athosblue.com\\\/#\\\/schema\\\/logo\\\/image\\\/\",\"url\":\"https:\\\/\\\/athosblue.com\\\/wp-content\\\/uploads\\\/athos_blue_logo_final.png\",\"contentUrl\":\"https:\\\/\\\/athosblue.com\\\/wp-content\\\/uploads\\\/athos_blue_logo_final.png\",\"width\":1600,\"height\":681,\"caption\":\"Athosblue\"},\"image\":{\"@id\":\"https:\\\/\\\/athosblue.com\\\/#\\\/schema\\\/logo\\\/image\\\/\"}}]}<\/script>\n<!-- \/ Yoast SEO plugin. -->","yoast_head_json":{"title":"\u03a3\u03c7\u03b5\u03c4\u03b9\u03ba\u03ac - Athosblue","robots":{"index":"index","follow":"follow","max-snippet":"max-snippet:-1","max-image-preview":"max-image-preview:large","max-video-preview":"max-video-preview:-1"},"canonical":"https:\/\/athosblue.com\/ro\/about\/","og_locale":"ro_RO","og_type":"article","og_title":"\u03a3\u03c7\u03b5\u03c4\u03b9\u03ba\u03ac - Athosblue","og_description":"\u03a3\u03c7\u03b5\u03c4\u03b9\u03ba\u03ac \u039c\u03b5 \u0395\u03bc\u03ac\u03c2 \u0397 \u03b5\u03bc\u03c0\u03b5\u03b9\u03c1\u03af\u03b1 \u03b5\u03c4\u03ce\u03bd, \u03ba\u03b1\u03b8\u03ce\u03c2 \u03ba\u03b1\u03b9 \u03b7 \u03bc\u03b5\u03b3\u03ac\u03bb\u03b7 \u03bc\u03b1\u03c2 \u03b1\u03b3\u03ac\u03c0\u03b7 \u03b3\u03b9\u03b1 \u03c4\u03b1 \u03c3\u03ba\u03ac\u03c6\u03b7 \u03ba\u03b1\u03b9 \u03c4\u03b7 \u03b8\u03ac\u03bb\u03b1\u03c3\u03c3\u03b1, \u03bc\u03b1\u03c2 \u03ce\u03b8\u03b7\u03c3\u03b1\u03bd \u03c3\u03c4\u03bf \u03bd\u03b1 \u03b4\u03b7\u03bc\u03b9\u03bf\u03c5\u03c1\u03b3\u03ae\u03c3\u03bf\u03c5\u03bc\u03b5 \u03c4\u03b7\u03bd ATHOS BLUE CRUISING &amp; FISHING EXPERIENCE. \u03a4\u03b1 \u03ac\u03c1\u03c4\u03b9\u03b1 \u03b5\u03be\u03bf\u03c0\u03bb\u03b9\u03c3\u03bc\u03ad\u03bd\u03b1 \u03c3\u03ba\u03ac\u03c6\u03b7 \u03bc\u03b1\u03c2, \u03bc\u03b1\u03b6\u03af \u03bc\u03b5 \u03c4\u03bf \u03ad\u03bc\u03c0\u03b5\u03b9\u03c1\u03bf \u03c0\u03c1\u03bf\u03c3\u03c9\u03c0\u03b9\u03ba\u03cc \u03bc\u03b1\u03c2, \u03b5\u03af\u03bd\u03b1\u03b9 \u03ad\u03c4\u03bf\u03b9\u03bc\u03b1 \u03bd\u03b1 \u03c3\u03b1\u03c2 \u03bf\u03b4\u03b7\u03b3\u03ae\u03c3\u03bf\u03c5\u03bd \u03c3\u03c4\u03b7\u03bd \u03b1\u03c0\u03cc\u03bb\u03c5\u03c4\u03b7 &#8220;\u03b3\u03b1\u03bb\u03ac\u03b6\u03b9\u03b1&#8221; \u03b1\u03c0\u03cc\u03b4\u03c1\u03b1\u03c3\u03b7! \u03a4\u03b1\u03be\u03b9\u03b4\u03ad\u03c8\u03c4\u03b5 \u03bc\u03b5 \u0391\u03c3\u03c6\u03ac\u03bb\u03b5\u03b9\u03b1! \u03a4\u03b1 \u03c3\u03ba\u03ac\u03c6\u03b7 [&hellip;]","og_url":"https:\/\/athosblue.com\/ro\/about\/","og_site_name":"Athosblue","article_modified_time":"2024-07-29T13:59:39+00:00","twitter_card":"summary_large_image","twitter_misc":{"Timp estimat pentru citire":"1 minut"},"schema":{"@context":"https:\/\/schema.org","@graph":[{"@type":"WebPage","@id":"https:\/\/athosblue.com\/en\/about\/","url":"https:\/\/athosblue.com\/en\/about\/","name":"\u03a3\u03c7\u03b5\u03c4\u03b9\u03ba\u03ac - Athosblue","isPartOf":{"@id":"https:\/\/athosblue.com\/#website"},"datePublished":"2023-03-07T06:21:46+00:00","dateModified":"2024-07-29T13:59:39+00:00","breadcrumb":{"@id":"https:\/\/athosblue.com\/en\/about\/#breadcrumb"},"inLanguage":"ro-RO","potentialAction":[{"@type":"ReadAction","target":["https:\/\/athosblue.com\/en\/about\/"]}]},{"@type":"BreadcrumbList","@id":"https:\/\/athosblue.com\/en\/about\/#breadcrumb","itemListElement":[{"@type":"ListItem","position":1,"name":"Home","item":"https:\/\/athosblue.com\/"},{"@type":"ListItem","position":2,"name":"\u03a3\u03c7\u03b5\u03c4\u03b9\u03ba\u03ac"}]},{"@type":"WebSite","@id":"https:\/\/athosblue.com\/#website","url":"https:\/\/athosblue.com\/","name":"Athosblue","description":"","publisher":{"@id":"https:\/\/athosblue.com\/#organization"},"potentialAction":[{"@type":"SearchAction","target":{"@type":"EntryPoint","urlTemplate":"https:\/\/athosblue.com\/?s={search_term_string}"},"query-input":{"@type":"PropertyValueSpecification","valueRequired":true,"valueName":"search_term_string"}}],"inLanguage":"ro-RO"},{"@type":"Organization","@id":"https:\/\/athosblue.com\/#organization","name":"Athosblue","url":"https:\/\/athosblue.com\/","logo":{"@type":"ImageObject","inLanguage":"ro-RO","@id":"https:\/\/athosblue.com\/#\/schema\/logo\/image\/","url":"https:\/\/athosblue.com\/wp-content\/uploads\/athos_blue_logo_final.png","contentUrl":"https:\/\/athosblue.com\/wp-content\/uploads\/athos_blue_logo_final.png","width":1600,"height":681,"caption":"Athosblue"},"image":{"@id":"https:\/\/athosblue.com\/#\/schema\/logo\/image\/"}}]}},"_links":{"self":[{"href":"https:\/\/athosblue.com\/ro\/wp-json\/wp\/v2\/pages\/26","targetHints":{"allow":["GET"]}}],"collection":[{"href":"https:\/\/athosblue.com\/ro\/wp-json\/wp\/v2\/pages"}],"about":[{"href":"https:\/\/athosblue.com\/ro\/wp-json\/wp\/v2\/types\/page"}],"author":[{"embeddable":true,"href":"https:\/\/athosblue.com\/ro\/wp-json\/wp\/v2\/users\/1"}],"replies":[{"embeddable":true,"href":"https:\/\/athosblue.com\/ro\/wp-json\/wp\/v2\/comments?post=26"}],"version-history":[{"count":69,"href":"https:\/\/athosblue.com\/ro\/wp-json\/wp\/v2\/pages\/26\/revisions"}],"predecessor-version":[{"id":964,"href":"https:\/\/athosblue.com\/ro\/wp-json\/wp\/v2\/pages\/26\/revisions\/964"}],"wp:attachment":[{"href":"https:\/\/athosblue.com\/ro\/wp-json\/wp\/v2\/media?parent=26"}],"curies":[{"name":"wp","href":"https:\/\/api.w.org\/{rel}","templated":true}]}}