{"id":275,"date":"2023-03-23T14:37:58","date_gmt":"2023-03-23T12:37:58","guid":{"rendered":"https:\/\/athosblue.com\/?page_id=275"},"modified":"2024-07-30T17:13:21","modified_gmt":"2024-07-30T14:13:21","slug":"diaporos-vourvourou","status":"publish","type":"page","link":"https:\/\/athosblue.com\/ro\/cruises\/diaporos-vourvourou\/","title":{"rendered":"\u0394\u0399\u0391\u03a0\u039f\u03a1\u039f\u03a3 &#8211; \u0392\u039f\u03a5\u03a1\u0392\u039f\u03a5\u03a1\u039f\u03a5"},"content":{"rendered":"<div data-elementor-type=\"wp-page\" data-elementor-id=\"275\" class=\"elementor elementor-275\" data-elementor-post-type=\"page\">\n\t\t\t\t\t\t<section class=\"elementor-section elementor-top-section elementor-element elementor-element-dfac740 elementor-section-height-min-height elementor-section-items-stretch elementor-section-content-middle elementor-section-boxed elementor-section-height-default\" data-id=\"dfac740\" data-element_type=\"section\" data-e-type=\"section\">\n\t\t\t\t\t\t<div class=\"elementor-container elementor-column-gap-no\">\n\t\t\t\t\t<div class=\"elementor-column elementor-col-50 elementor-top-column elementor-element elementor-element-0cbe6b8\" data-id=\"0cbe6b8\" data-element_type=\"column\" data-e-type=\"column\" data-settings=\"{&quot;background_background&quot;:&quot;classic&quot;}\">\n\t\t\t<div class=\"elementor-widget-wrap elementor-element-populated\">\n\t\t\t\t\t\t<div class=\"elementor-element elementor-element-58e4eab elementor-widget elementor-widget-text-editor\" data-id=\"58e4eab\" data-element_type=\"widget\" data-e-type=\"widget\" data-widget_type=\"text-editor.default\">\n\t\t\t\t<div class=\"elementor-widget-container\">\n\t\t\t\t\t\t\t\t\t<p class=\"MsoNormal\">Vourvourou este o sta\u021biune de pe litoralul din estul  Sithoniei. Este renumit\u0103 pentru frumuse\u021bea sa natural\u0103 \u0219i pentru cele nou\u0103 insule mici cu ape cristaline \u0219i de mic\u0103 ad\u00e2ncime. Golful izolat Karydi, laguna Livari \u0219i Blue Lagoon sau Laguna Albastr\u0103 v\u0103 vor \u00eenc\u00e2nta cu apele lor turcoaz \u0219i plajele cu nisip alb. La orele dup\u0103-amiezii, exist\u0103 posibilitatea de a vizita un restaurant din zon\u0103 pentru a v\u0103 bucura de cin\u0103 pe malul m\u0103rii.\u00a0<\/p>\t\t\t\t\t\t\t\t<\/div>\n\t\t\t\t<\/div>\n\t\t\t\t<div class=\"elementor-element elementor-element-bea4ac0 elementor-widget__width-initial elementor-widget elementor-widget-text-editor\" data-id=\"bea4ac0\" data-element_type=\"widget\" data-e-type=\"widget\" data-widget_type=\"text-editor.default\">\n\t\t\t\t<div class=\"elementor-widget-container\">\n\t\t\t\t\t\t\t\t\t<p><span style=\"color: var( --e-global-color-4fe363f );\">\u00cen timpul turului, oferim gratuit sandvi\u0219uri reci, ap\u0103 \u0219i b\u0103uturi r\u0103coritoare.&nbsp;<\/span><span style=\"color: var( --e-global-color-4fe363f );\">\u00cen ziua \u00eenchirierii,&nbsp;<\/span><span style=\"color: var( --e-global-color-4fe363f );\">trebuie s\u0103 ave\u021bi asupra dumneavoastr\u0103 cartea de identitate, pa\u0219aportul sau permisul de conducere.&nbsp;<\/span><\/p>\n<p><em>Durata sugerat\u0103: 6 ore<\/em><\/p>\t\t\t\t\t\t\t\t<\/div>\n\t\t\t\t<\/div>\n\t\t\t\t\t<\/div>\n\t\t<\/div>\n\t\t\t\t<div class=\"elementor-column elementor-col-50 elementor-top-column elementor-element elementor-element-67cc020 elementor-hidden-tablet elementor-hidden-mobile\" data-id=\"67cc020\" data-element_type=\"column\" data-e-type=\"column\" data-settings=\"{&quot;background_background&quot;:&quot;classic&quot;}\">\n\t\t\t<div class=\"elementor-widget-wrap\">\n\t\t\t\t\t\t\t<\/div>\n\t\t<\/div>\n\t\t\t\t\t<\/div>\n\t\t<\/section>\n\t\t\t\t<section class=\"elementor-section elementor-top-section elementor-element elementor-element-c1828e7 elementor-section-content-middle elementor-section-boxed elementor-section-height-default elementor-section-height-default\" data-id=\"c1828e7\" data-element_type=\"section\" data-e-type=\"section\">\n\t\t\t\t\t\t<div class=\"elementor-container elementor-column-gap-no\">\n\t\t\t\t\t<div class=\"elementor-column elementor-col-100 elementor-top-column elementor-element elementor-element-d872c37\" data-id=\"d872c37\" data-element_type=\"column\" data-e-type=\"column\" data-settings=\"{&quot;background_background&quot;:&quot;classic&quot;}\">\n\t\t\t<div class=\"elementor-widget-wrap elementor-element-populated\">\n\t\t\t\t\t\t<div class=\"elementor-element elementor-element-95fcb31 elementor-widget elementor-widget-gallery\" data-id=\"95fcb31\" data-element_type=\"widget\" data-e-type=\"widget\" data-settings=\"{&quot;columns_tablet&quot;:3,&quot;gap&quot;:{&quot;unit&quot;:&quot;px&quot;,&quot;size&quot;:20,&quot;sizes&quot;:[]},&quot;gap_tablet&quot;:{&quot;unit&quot;:&quot;px&quot;,&quot;size&quot;:15,&quot;sizes&quot;:[]},&quot;gap_mobile&quot;:{&quot;unit&quot;:&quot;px&quot;,&quot;size&quot;:20,&quot;sizes&quot;:[]},&quot;lazyload&quot;:&quot;yes&quot;,&quot;gallery_layout&quot;:&quot;grid&quot;,&quot;columns&quot;:4,&quot;columns_mobile&quot;:1,&quot;link_to&quot;:&quot;file&quot;,&quot;aspect_ratio&quot;:&quot;3:2&quot;,&quot;overlay_background&quot;:&quot;yes&quot;,&quot;content_hover_animation&quot;:&quot;fade-in&quot;}\" data-widget_type=\"gallery.default\">\n\t\t\t\t<div class=\"elementor-widget-container\">\n\t\t\t\t\t\t\t<div class=\"elementor-gallery__container\">\n\t\t\t\t\t\t\t<a class=\"e-gallery-item elementor-gallery-item elementor-animated-content\" href=\"https:\/\/athosblue.com\/wp-content\/uploads\/shutterstock_259263980-min-scaled.jpg\" data-elementor-open-lightbox=\"yes\" data-elementor-lightbox-slideshow=\"95fcb31\" data-elementor-lightbox-title=\"shutterstock_259263980-min\" data-e-action-hash=\"#elementor-action%3Aaction%3Dlightbox%26settings%3DeyJpZCI6NTQ1LCJ1cmwiOiJodHRwczpcL1wvYXRob3NibHVlLmNvbVwvd3AtY29udGVudFwvdXBsb2Fkc1wvc2h1dHRlcnN0b2NrXzI1OTI2Mzk4MC1taW4tc2NhbGVkLmpwZyIsInNsaWRlc2hvdyI6Ijk1ZmNiMzEifQ%3D%3D\">\n\t\t\t\t\t<div class=\"e-gallery-image elementor-gallery-item__image\" data-thumbnail=\"https:\/\/athosblue.com\/wp-content\/uploads\/shutterstock_259263980-min-300x196.jpg\" data-width=\"300\" data-height=\"196\" aria-label=\"\" role=\"img\" ><\/div>\n\t\t\t\t\t\t\t\t\t\t\t<div class=\"elementor-gallery-item__overlay\"><\/div>\n\t\t\t\t\t\t\t\t\t\t\t\t\t\t<\/a>\n\t\t\t\t\t\t\t<a class=\"e-gallery-item elementor-gallery-item elementor-animated-content\" href=\"https:\/\/athosblue.com\/wp-content\/uploads\/shutterstock_1471673099-min-scaled.jpg\" data-elementor-open-lightbox=\"yes\" data-elementor-lightbox-slideshow=\"95fcb31\" data-elementor-lightbox-title=\"shutterstock_1471673099-min\" data-e-action-hash=\"#elementor-action%3Aaction%3Dlightbox%26settings%3DeyJpZCI6NTQ2LCJ1cmwiOiJodHRwczpcL1wvYXRob3NibHVlLmNvbVwvd3AtY29udGVudFwvdXBsb2Fkc1wvc2h1dHRlcnN0b2NrXzE0NzE2NzMwOTktbWluLXNjYWxlZC5qcGciLCJzbGlkZXNob3ciOiI5NWZjYjMxIn0%3D\">\n\t\t\t\t\t<div class=\"e-gallery-image elementor-gallery-item__image\" data-thumbnail=\"https:\/\/athosblue.com\/wp-content\/uploads\/shutterstock_1471673099-min-300x200.jpg\" data-width=\"300\" data-height=\"200\" aria-label=\"\" role=\"img\" ><\/div>\n\t\t\t\t\t\t\t\t\t\t\t<div class=\"elementor-gallery-item__overlay\"><\/div>\n\t\t\t\t\t\t\t\t\t\t\t\t\t\t<\/a>\n\t\t\t\t\t\t\t<a class=\"e-gallery-item elementor-gallery-item elementor-animated-content\" href=\"https:\/\/athosblue.com\/wp-content\/uploads\/shutterstock_1486777802-min-scaled.jpg\" data-elementor-open-lightbox=\"yes\" data-elementor-lightbox-slideshow=\"95fcb31\" data-elementor-lightbox-title=\"shutterstock_1486777802-min\" data-e-action-hash=\"#elementor-action%3Aaction%3Dlightbox%26settings%3DeyJpZCI6NTQ3LCJ1cmwiOiJodHRwczpcL1wvYXRob3NibHVlLmNvbVwvd3AtY29udGVudFwvdXBsb2Fkc1wvc2h1dHRlcnN0b2NrXzE0ODY3Nzc4MDItbWluLXNjYWxlZC5qcGciLCJzbGlkZXNob3ciOiI5NWZjYjMxIn0%3D\">\n\t\t\t\t\t<div class=\"e-gallery-image elementor-gallery-item__image\" data-thumbnail=\"https:\/\/athosblue.com\/wp-content\/uploads\/shutterstock_1486777802-min-300x169.jpg\" data-width=\"300\" data-height=\"169\" aria-label=\"\" role=\"img\" ><\/div>\n\t\t\t\t\t\t\t\t\t\t\t<div class=\"elementor-gallery-item__overlay\"><\/div>\n\t\t\t\t\t\t\t\t\t\t\t\t\t\t<\/a>\n\t\t\t\t\t\t\t<a class=\"e-gallery-item elementor-gallery-item elementor-animated-content\" href=\"https:\/\/athosblue.com\/wp-content\/uploads\/shutterstock_1486777823-min-scaled.jpg\" data-elementor-open-lightbox=\"yes\" data-elementor-lightbox-slideshow=\"95fcb31\" data-elementor-lightbox-title=\"shutterstock_1486777823-min\" data-e-action-hash=\"#elementor-action%3Aaction%3Dlightbox%26settings%3DeyJpZCI6NTQ4LCJ1cmwiOiJodHRwczpcL1wvYXRob3NibHVlLmNvbVwvd3AtY29udGVudFwvdXBsb2Fkc1wvc2h1dHRlcnN0b2NrXzE0ODY3Nzc4MjMtbWluLXNjYWxlZC5qcGciLCJzbGlkZXNob3ciOiI5NWZjYjMxIn0%3D\">\n\t\t\t\t\t<div class=\"e-gallery-image elementor-gallery-item__image\" data-thumbnail=\"https:\/\/athosblue.com\/wp-content\/uploads\/shutterstock_1486777823-min-300x169.jpg\" data-width=\"300\" data-height=\"169\" aria-label=\"\" role=\"img\" ><\/div>\n\t\t\t\t\t\t\t\t\t\t\t<div class=\"elementor-gallery-item__overlay\"><\/div>\n\t\t\t\t\t\t\t\t\t\t\t\t\t\t<\/a>\n\t\t\t\t\t\t\t<a class=\"e-gallery-item elementor-gallery-item elementor-animated-content\" href=\"https:\/\/athosblue.com\/wp-content\/uploads\/shutterstock_2180939961-min-scaled.jpg\" data-elementor-open-lightbox=\"yes\" data-elementor-lightbox-slideshow=\"95fcb31\" data-elementor-lightbox-title=\"shutterstock_2180939961-min\" data-e-action-hash=\"#elementor-action%3Aaction%3Dlightbox%26settings%3DeyJpZCI6NTQ5LCJ1cmwiOiJodHRwczpcL1wvYXRob3NibHVlLmNvbVwvd3AtY29udGVudFwvdXBsb2Fkc1wvc2h1dHRlcnN0b2NrXzIxODA5Mzk5NjEtbWluLXNjYWxlZC5qcGciLCJzbGlkZXNob3ciOiI5NWZjYjMxIn0%3D\">\n\t\t\t\t\t<div class=\"e-gallery-image elementor-gallery-item__image\" data-thumbnail=\"https:\/\/athosblue.com\/wp-content\/uploads\/shutterstock_2180939961-min-300x200.jpg\" data-width=\"300\" data-height=\"200\" aria-label=\"\" role=\"img\" ><\/div>\n\t\t\t\t\t\t\t\t\t\t\t<div class=\"elementor-gallery-item__overlay\"><\/div>\n\t\t\t\t\t\t\t\t\t\t\t\t\t\t<\/a>\n\t\t\t\t\t\t\t<a class=\"e-gallery-item elementor-gallery-item elementor-animated-content\" href=\"https:\/\/athosblue.com\/wp-content\/uploads\/shutterstock_2089669420-scaled.jpg\" data-elementor-open-lightbox=\"yes\" data-elementor-lightbox-slideshow=\"95fcb31\" data-elementor-lightbox-title=\"Drone,View,Of,Greek,Peninsula.,Wild,Beach,With,Clear,Sea\" data-e-action-hash=\"#elementor-action%3Aaction%3Dlightbox%26settings%3DeyJpZCI6ODYyLCJ1cmwiOiJodHRwczpcL1wvYXRob3NibHVlLmNvbVwvd3AtY29udGVudFwvdXBsb2Fkc1wvc2h1dHRlcnN0b2NrXzIwODk2Njk0MjAtc2NhbGVkLmpwZyIsInNsaWRlc2hvdyI6Ijk1ZmNiMzEifQ%3D%3D\">\n\t\t\t\t\t<div class=\"e-gallery-image elementor-gallery-item__image\" data-thumbnail=\"https:\/\/athosblue.com\/wp-content\/uploads\/shutterstock_2089669420-300x200.jpg\" data-width=\"300\" data-height=\"200\" aria-label=\"\" role=\"img\" ><\/div>\n\t\t\t\t\t\t\t\t\t\t\t<div class=\"elementor-gallery-item__overlay\"><\/div>\n\t\t\t\t\t\t\t\t\t\t\t\t\t\t<\/a>\n\t\t\t\t\t<\/div>\n\t\t\t\t\t<\/div>\n\t\t\t\t<\/div>\n\t\t\t\t\t<\/div>\n\t\t<\/div>\n\t\t\t\t\t<\/div>\n\t\t<\/section>\n\t\t\t\t<\/div>","protected":false},"excerpt":{"rendered":"<p>\u0397 \u0392\u03bf\u03c5\u03c1\u03b2\u03bf\u03c5\u03c1\u03bf\u03cd \u03b5\u03af\u03bd\u03b1\u03b9 \u03ad\u03bd\u03b1 \u03c0\u03b1\u03c1\u03b1\u03b8\u03b1\u03bb\u03ac\u03c3\u03c3\u03b9\u03bf \u03b8\u03ad\u03c1\u03b5\u03c4\u03c1\u03bf \u03c3\u03c4\u03b7\u03bd \u03b1\u03bd\u03b1\u03c4\u03bf\u03bb\u03b9\u03ba\u03ae \u03a3\u03b9\u03b8\u03c9\u03bd\u03af\u03b1. \u03a6\u03b7\u03bc\u03af\u03b6\u03b5\u03c4\u03b1\u03b9 \u03b3\u03b9\u03b1 \u03c4\u03b7 \u03c6\u03c5\u03c3\u03b9\u03ba\u03ae \u03bf\u03bc\u03bf\u03c1\u03c6\u03b9\u03ac \u03ba\u03b1\u03b9 \u03c4\u03b1 \u03b5\u03bd\u03bd\u03ad\u03b1 \u03bc\u03b9\u03ba\u03c1\u03ac \u03bd\u03b7\u03c3\u03ac\u03ba\u03b9\u03b1 \u03c4\u03b7\u03c2 \u03bc\u03b5 \u03c4\u03b1 \u03c1\u03b7\u03c7\u03ac \u03ba\u03c1\u03c5\u03c3\u03c4\u03ac\u03bb\u03bb\u03b9\u03bd\u03b1 \u03bd\u03b5\u03c1\u03ac. \u039f \u03b1\u03c0\u03bf\u03bc\u03bf\u03bd\u03c9\u03bc\u03ad\u03bd\u03bf\u03c2 \u03ba\u03cc\u03bb\u03c0\u03bf\u03c2 \u039a\u03b1\u03c1\u03cd\u03b4\u03b9, \u03b7 \u03bb\u03b9\u03bc\u03bd\u03bf\u03b8\u03ac\u03bb\u03b1\u03c3\u03c3\u03b1 \u039b\u03b9\u03b2\u03ac\u03c1\u03b9 \u03ba\u03b1\u03b9 \u03c4\u03b1 \u00a0\u0393\u03b1\u03bb\u03ac\u03b6\u03b9\u03b1 \u039d\u03b5\u03c1\u03ac \u03ae Blue Lagoon \u03b8\u03b1 \u03c3\u03b1\u03c2 \u03bc\u03b1\u03b3\u03ad\u03c8\u03bf\u03c5\u03bd \u03bc\u03b5 \u03c4\u03b1 \u03c4\u03c5\u03c1\u03ba\u03bf\u03c5\u03ac\u03b6 \u03bd\u03b5\u03c1\u03ac \u03ba\u03b1\u03b9 \u03c4\u03b9\u03c2 \u03ba\u03b1\u03c4\u03ac\u03bb\u03b5\u03c5\u03ba\u03b5\u03c2 \u03b1\u03bc\u03bc\u03bf\u03c5\u03b4\u03b9\u03ad\u03c2 \u03c4\u03bf\u03c5\u03c2. \u03a4\u03b9\u03c2 \u03b1\u03c0\u03bf\u03b3\u03b5\u03c5\u03bc\u03b1\u03c4\u03b9\u03bd\u03ad\u03c2 \u03ce\u03c1\u03b5\u03c2, \u03c5\u03c0\u03ac\u03c1\u03c7\u03b5\u03b9 [&hellip;]<\/p>","protected":false},"author":1,"featured_media":0,"parent":30,"menu_order":0,"comment_status":"closed","ping_status":"closed","template":"","meta":{"footnotes":""},"class_list":["post-275","page","type-page","status-publish","hentry"],"acf":[],"yoast_head":"<!-- This site is optimized with the Yoast SEO plugin v27.4 - https:\/\/yoast.com\/product\/yoast-seo-wordpress\/ -->\n<title>\u0394\u0399\u0391\u03a0\u039f\u03a1\u039f\u03a3 - \u0392\u039f\u03a5\u03a1\u0392\u039f\u03a5\u03a1\u039f\u03a5 - Athosblue<\/title>\n<meta name=\"robots\" content=\"index, follow, max-snippet:-1, max-image-preview:large, max-video-preview:-1\" \/>\n<link rel=\"canonical\" href=\"https:\/\/athosblue.com\/ro\/cruises\/diaporos-vourvourou\/\" \/>\n<meta property=\"og:locale\" content=\"ro_RO\" \/>\n<meta property=\"og:type\" content=\"article\" \/>\n<meta property=\"og:title\" content=\"\u0394\u0399\u0391\u03a0\u039f\u03a1\u039f\u03a3 - \u0392\u039f\u03a5\u03a1\u0392\u039f\u03a5\u03a1\u039f\u03a5 - Athosblue\" \/>\n<meta property=\"og:description\" content=\"\u0397 \u0392\u03bf\u03c5\u03c1\u03b2\u03bf\u03c5\u03c1\u03bf\u03cd \u03b5\u03af\u03bd\u03b1\u03b9 \u03ad\u03bd\u03b1 \u03c0\u03b1\u03c1\u03b1\u03b8\u03b1\u03bb\u03ac\u03c3\u03c3\u03b9\u03bf \u03b8\u03ad\u03c1\u03b5\u03c4\u03c1\u03bf \u03c3\u03c4\u03b7\u03bd \u03b1\u03bd\u03b1\u03c4\u03bf\u03bb\u03b9\u03ba\u03ae \u03a3\u03b9\u03b8\u03c9\u03bd\u03af\u03b1. \u03a6\u03b7\u03bc\u03af\u03b6\u03b5\u03c4\u03b1\u03b9 \u03b3\u03b9\u03b1 \u03c4\u03b7 \u03c6\u03c5\u03c3\u03b9\u03ba\u03ae \u03bf\u03bc\u03bf\u03c1\u03c6\u03b9\u03ac \u03ba\u03b1\u03b9 \u03c4\u03b1 \u03b5\u03bd\u03bd\u03ad\u03b1 \u03bc\u03b9\u03ba\u03c1\u03ac \u03bd\u03b7\u03c3\u03ac\u03ba\u03b9\u03b1 \u03c4\u03b7\u03c2 \u03bc\u03b5 \u03c4\u03b1 \u03c1\u03b7\u03c7\u03ac \u03ba\u03c1\u03c5\u03c3\u03c4\u03ac\u03bb\u03bb\u03b9\u03bd\u03b1 \u03bd\u03b5\u03c1\u03ac. \u039f \u03b1\u03c0\u03bf\u03bc\u03bf\u03bd\u03c9\u03bc\u03ad\u03bd\u03bf\u03c2 \u03ba\u03cc\u03bb\u03c0\u03bf\u03c2 \u039a\u03b1\u03c1\u03cd\u03b4\u03b9, \u03b7 \u03bb\u03b9\u03bc\u03bd\u03bf\u03b8\u03ac\u03bb\u03b1\u03c3\u03c3\u03b1 \u039b\u03b9\u03b2\u03ac\u03c1\u03b9 \u03ba\u03b1\u03b9 \u03c4\u03b1 \u00a0\u0393\u03b1\u03bb\u03ac\u03b6\u03b9\u03b1 \u039d\u03b5\u03c1\u03ac \u03ae Blue Lagoon \u03b8\u03b1 \u03c3\u03b1\u03c2 \u03bc\u03b1\u03b3\u03ad\u03c8\u03bf\u03c5\u03bd \u03bc\u03b5 \u03c4\u03b1 \u03c4\u03c5\u03c1\u03ba\u03bf\u03c5\u03ac\u03b6 \u03bd\u03b5\u03c1\u03ac \u03ba\u03b1\u03b9 \u03c4\u03b9\u03c2 \u03ba\u03b1\u03c4\u03ac\u03bb\u03b5\u03c5\u03ba\u03b5\u03c2 \u03b1\u03bc\u03bc\u03bf\u03c5\u03b4\u03b9\u03ad\u03c2 \u03c4\u03bf\u03c5\u03c2. \u03a4\u03b9\u03c2 \u03b1\u03c0\u03bf\u03b3\u03b5\u03c5\u03bc\u03b1\u03c4\u03b9\u03bd\u03ad\u03c2 \u03ce\u03c1\u03b5\u03c2, \u03c5\u03c0\u03ac\u03c1\u03c7\u03b5\u03b9 [&hellip;]\" \/>\n<meta property=\"og:url\" content=\"https:\/\/athosblue.com\/ro\/cruises\/diaporos-vourvourou\/\" \/>\n<meta property=\"og:site_name\" content=\"Athosblue\" \/>\n<meta property=\"article:modified_time\" content=\"2024-07-30T14:13:21+00:00\" \/>\n<meta name=\"twitter:card\" content=\"summary_large_image\" \/>\n<meta name=\"twitter:label1\" content=\"Timp estimat pentru citire\" \/>\n\t<meta name=\"twitter:data1\" content=\"1 minut\" \/>\n<script type=\"application\/ld+json\" class=\"yoast-schema-graph\">{\"@context\":\"https:\\\/\\\/schema.org\",\"@graph\":[{\"@type\":\"WebPage\",\"@id\":\"https:\\\/\\\/athosblue.com\\\/cruises\\\/diaporos-vourvourou\\\/\",\"url\":\"https:\\\/\\\/athosblue.com\\\/cruises\\\/diaporos-vourvourou\\\/\",\"name\":\"\u0394\u0399\u0391\u03a0\u039f\u03a1\u039f\u03a3 - \u0392\u039f\u03a5\u03a1\u0392\u039f\u03a5\u03a1\u039f\u03a5 - Athosblue\",\"isPartOf\":{\"@id\":\"https:\\\/\\\/athosblue.com\\\/#website\"},\"datePublished\":\"2023-03-23T12:37:58+00:00\",\"dateModified\":\"2024-07-30T14:13:21+00:00\",\"breadcrumb\":{\"@id\":\"https:\\\/\\\/athosblue.com\\\/cruises\\\/diaporos-vourvourou\\\/#breadcrumb\"},\"inLanguage\":\"ro-RO\",\"potentialAction\":[{\"@type\":\"ReadAction\",\"target\":[\"https:\\\/\\\/athosblue.com\\\/cruises\\\/diaporos-vourvourou\\\/\"]}]},{\"@type\":\"BreadcrumbList\",\"@id\":\"https:\\\/\\\/athosblue.com\\\/cruises\\\/diaporos-vourvourou\\\/#breadcrumb\",\"itemListElement\":[{\"@type\":\"ListItem\",\"position\":1,\"name\":\"Home\",\"item\":\"https:\\\/\\\/athosblue.com\\\/\"},{\"@type\":\"ListItem\",\"position\":2,\"name\":\"\u039a\u03c1\u03bf\u03c5\u03b1\u03b6\u03b9\u03ad\u03c1\u03b5\u03c2\",\"item\":\"https:\\\/\\\/athosblue.com\\\/cruises\\\/\"},{\"@type\":\"ListItem\",\"position\":3,\"name\":\"\u0394\u0399\u0391\u03a0\u039f\u03a1\u039f\u03a3 &#8211; \u0392\u039f\u03a5\u03a1\u0392\u039f\u03a5\u03a1\u039f\u03a5\"}]},{\"@type\":\"WebSite\",\"@id\":\"https:\\\/\\\/athosblue.com\\\/#website\",\"url\":\"https:\\\/\\\/athosblue.com\\\/\",\"name\":\"Athosblue\",\"description\":\"\",\"publisher\":{\"@id\":\"https:\\\/\\\/athosblue.com\\\/#organization\"},\"potentialAction\":[{\"@type\":\"SearchAction\",\"target\":{\"@type\":\"EntryPoint\",\"urlTemplate\":\"https:\\\/\\\/athosblue.com\\\/?s={search_term_string}\"},\"query-input\":{\"@type\":\"PropertyValueSpecification\",\"valueRequired\":true,\"valueName\":\"search_term_string\"}}],\"inLanguage\":\"ro-RO\"},{\"@type\":\"Organization\",\"@id\":\"https:\\\/\\\/athosblue.com\\\/#organization\",\"name\":\"Athosblue\",\"url\":\"https:\\\/\\\/athosblue.com\\\/\",\"logo\":{\"@type\":\"ImageObject\",\"inLanguage\":\"ro-RO\",\"@id\":\"https:\\\/\\\/athosblue.com\\\/#\\\/schema\\\/logo\\\/image\\\/\",\"url\":\"https:\\\/\\\/athosblue.com\\\/wp-content\\\/uploads\\\/athos_blue_logo_final.png\",\"contentUrl\":\"https:\\\/\\\/athosblue.com\\\/wp-content\\\/uploads\\\/athos_blue_logo_final.png\",\"width\":1600,\"height\":681,\"caption\":\"Athosblue\"},\"image\":{\"@id\":\"https:\\\/\\\/athosblue.com\\\/#\\\/schema\\\/logo\\\/image\\\/\"}}]}<\/script>\n<!-- \/ Yoast SEO plugin. -->","yoast_head_json":{"title":"\u0394\u0399\u0391\u03a0\u039f\u03a1\u039f\u03a3 - \u0392\u039f\u03a5\u03a1\u0392\u039f\u03a5\u03a1\u039f\u03a5 - Athosblue","robots":{"index":"index","follow":"follow","max-snippet":"max-snippet:-1","max-image-preview":"max-image-preview:large","max-video-preview":"max-video-preview:-1"},"canonical":"https:\/\/athosblue.com\/ro\/cruises\/diaporos-vourvourou\/","og_locale":"ro_RO","og_type":"article","og_title":"\u0394\u0399\u0391\u03a0\u039f\u03a1\u039f\u03a3 - \u0392\u039f\u03a5\u03a1\u0392\u039f\u03a5\u03a1\u039f\u03a5 - Athosblue","og_description":"\u0397 \u0392\u03bf\u03c5\u03c1\u03b2\u03bf\u03c5\u03c1\u03bf\u03cd \u03b5\u03af\u03bd\u03b1\u03b9 \u03ad\u03bd\u03b1 \u03c0\u03b1\u03c1\u03b1\u03b8\u03b1\u03bb\u03ac\u03c3\u03c3\u03b9\u03bf \u03b8\u03ad\u03c1\u03b5\u03c4\u03c1\u03bf \u03c3\u03c4\u03b7\u03bd \u03b1\u03bd\u03b1\u03c4\u03bf\u03bb\u03b9\u03ba\u03ae \u03a3\u03b9\u03b8\u03c9\u03bd\u03af\u03b1. \u03a6\u03b7\u03bc\u03af\u03b6\u03b5\u03c4\u03b1\u03b9 \u03b3\u03b9\u03b1 \u03c4\u03b7 \u03c6\u03c5\u03c3\u03b9\u03ba\u03ae \u03bf\u03bc\u03bf\u03c1\u03c6\u03b9\u03ac \u03ba\u03b1\u03b9 \u03c4\u03b1 \u03b5\u03bd\u03bd\u03ad\u03b1 \u03bc\u03b9\u03ba\u03c1\u03ac \u03bd\u03b7\u03c3\u03ac\u03ba\u03b9\u03b1 \u03c4\u03b7\u03c2 \u03bc\u03b5 \u03c4\u03b1 \u03c1\u03b7\u03c7\u03ac \u03ba\u03c1\u03c5\u03c3\u03c4\u03ac\u03bb\u03bb\u03b9\u03bd\u03b1 \u03bd\u03b5\u03c1\u03ac. \u039f \u03b1\u03c0\u03bf\u03bc\u03bf\u03bd\u03c9\u03bc\u03ad\u03bd\u03bf\u03c2 \u03ba\u03cc\u03bb\u03c0\u03bf\u03c2 \u039a\u03b1\u03c1\u03cd\u03b4\u03b9, \u03b7 \u03bb\u03b9\u03bc\u03bd\u03bf\u03b8\u03ac\u03bb\u03b1\u03c3\u03c3\u03b1 \u039b\u03b9\u03b2\u03ac\u03c1\u03b9 \u03ba\u03b1\u03b9 \u03c4\u03b1 \u00a0\u0393\u03b1\u03bb\u03ac\u03b6\u03b9\u03b1 \u039d\u03b5\u03c1\u03ac \u03ae Blue Lagoon \u03b8\u03b1 \u03c3\u03b1\u03c2 \u03bc\u03b1\u03b3\u03ad\u03c8\u03bf\u03c5\u03bd \u03bc\u03b5 \u03c4\u03b1 \u03c4\u03c5\u03c1\u03ba\u03bf\u03c5\u03ac\u03b6 \u03bd\u03b5\u03c1\u03ac \u03ba\u03b1\u03b9 \u03c4\u03b9\u03c2 \u03ba\u03b1\u03c4\u03ac\u03bb\u03b5\u03c5\u03ba\u03b5\u03c2 \u03b1\u03bc\u03bc\u03bf\u03c5\u03b4\u03b9\u03ad\u03c2 \u03c4\u03bf\u03c5\u03c2. \u03a4\u03b9\u03c2 \u03b1\u03c0\u03bf\u03b3\u03b5\u03c5\u03bc\u03b1\u03c4\u03b9\u03bd\u03ad\u03c2 \u03ce\u03c1\u03b5\u03c2, \u03c5\u03c0\u03ac\u03c1\u03c7\u03b5\u03b9 [&hellip;]","og_url":"https:\/\/athosblue.com\/ro\/cruises\/diaporos-vourvourou\/","og_site_name":"Athosblue","article_modified_time":"2024-07-30T14:13:21+00:00","twitter_card":"summary_large_image","twitter_misc":{"Timp estimat pentru citire":"1 minut"},"schema":{"@context":"https:\/\/schema.org","@graph":[{"@type":"WebPage","@id":"https:\/\/athosblue.com\/cruises\/diaporos-vourvourou\/","url":"https:\/\/athosblue.com\/cruises\/diaporos-vourvourou\/","name":"\u0394\u0399\u0391\u03a0\u039f\u03a1\u039f\u03a3 - \u0392\u039f\u03a5\u03a1\u0392\u039f\u03a5\u03a1\u039f\u03a5 - Athosblue","isPartOf":{"@id":"https:\/\/athosblue.com\/#website"},"datePublished":"2023-03-23T12:37:58+00:00","dateModified":"2024-07-30T14:13:21+00:00","breadcrumb":{"@id":"https:\/\/athosblue.com\/cruises\/diaporos-vourvourou\/#breadcrumb"},"inLanguage":"ro-RO","potentialAction":[{"@type":"ReadAction","target":["https:\/\/athosblue.com\/cruises\/diaporos-vourvourou\/"]}]},{"@type":"BreadcrumbList","@id":"https:\/\/athosblue.com\/cruises\/diaporos-vourvourou\/#breadcrumb","itemListElement":[{"@type":"ListItem","position":1,"name":"Home","item":"https:\/\/athosblue.com\/"},{"@type":"ListItem","position":2,"name":"\u039a\u03c1\u03bf\u03c5\u03b1\u03b6\u03b9\u03ad\u03c1\u03b5\u03c2","item":"https:\/\/athosblue.com\/cruises\/"},{"@type":"ListItem","position":3,"name":"\u0394\u0399\u0391\u03a0\u039f\u03a1\u039f\u03a3 &#8211; \u0392\u039f\u03a5\u03a1\u0392\u039f\u03a5\u03a1\u039f\u03a5"}]},{"@type":"WebSite","@id":"https:\/\/athosblue.com\/#website","url":"https:\/\/athosblue.com\/","name":"Athosblue","description":"","publisher":{"@id":"https:\/\/athosblue.com\/#organization"},"potentialAction":[{"@type":"SearchAction","target":{"@type":"EntryPoint","urlTemplate":"https:\/\/athosblue.com\/?s={search_term_string}"},"query-input":{"@type":"PropertyValueSpecification","valueRequired":true,"valueName":"search_term_string"}}],"inLanguage":"ro-RO"},{"@type":"Organization","@id":"https:\/\/athosblue.com\/#organization","name":"Athosblue","url":"https:\/\/athosblue.com\/","logo":{"@type":"ImageObject","inLanguage":"ro-RO","@id":"https:\/\/athosblue.com\/#\/schema\/logo\/image\/","url":"https:\/\/athosblue.com\/wp-content\/uploads\/athos_blue_logo_final.png","contentUrl":"https:\/\/athosblue.com\/wp-content\/uploads\/athos_blue_logo_final.png","width":1600,"height":681,"caption":"Athosblue"},"image":{"@id":"https:\/\/athosblue.com\/#\/schema\/logo\/image\/"}}]}},"_links":{"self":[{"href":"https:\/\/athosblue.com\/ro\/wp-json\/wp\/v2\/pages\/275","targetHints":{"allow":["GET"]}}],"collection":[{"href":"https:\/\/athosblue.com\/ro\/wp-json\/wp\/v2\/pages"}],"about":[{"href":"https:\/\/athosblue.com\/ro\/wp-json\/wp\/v2\/types\/page"}],"author":[{"embeddable":true,"href":"https:\/\/athosblue.com\/ro\/wp-json\/wp\/v2\/users\/1"}],"replies":[{"embeddable":true,"href":"https:\/\/athosblue.com\/ro\/wp-json\/wp\/v2\/comments?post=275"}],"version-history":[{"count":46,"href":"https:\/\/athosblue.com\/ro\/wp-json\/wp\/v2\/pages\/275\/revisions"}],"predecessor-version":[{"id":1017,"href":"https:\/\/athosblue.com\/ro\/wp-json\/wp\/v2\/pages\/275\/revisions\/1017"}],"up":[{"embeddable":true,"href":"https:\/\/athosblue.com\/ro\/wp-json\/wp\/v2\/pages\/30"}],"wp:attachment":[{"href":"https:\/\/athosblue.com\/ro\/wp-json\/wp\/v2\/media?parent=275"}],"curies":[{"name":"wp","href":"https:\/\/api.w.org\/{rel}","templated":true}]}}