{"id":606,"date":"2023-04-27T11:35:26","date_gmt":"2023-04-27T08:35:26","guid":{"rendered":"https:\/\/athosblue.com\/?page_id=606"},"modified":"2024-07-30T17:15:49","modified_gmt":"2024-07-30T14:15:49","slug":"fishing","status":"publish","type":"page","link":"https:\/\/athosblue.com\/ro\/cruises\/fishing\/","title":{"rendered":"PESCUIT"},"content":{"rendered":"<div data-elementor-type=\"wp-page\" data-elementor-id=\"606\" class=\"elementor elementor-606\" data-elementor-post-type=\"page\">\n\t\t\t\t\t\t<section class=\"elementor-section elementor-top-section elementor-element elementor-element-579b758 elementor-section-height-min-height elementor-section-items-stretch elementor-section-content-middle elementor-section-boxed elementor-section-height-default\" data-id=\"579b758\" data-element_type=\"section\" data-e-type=\"section\">\n\t\t\t\t\t\t<div class=\"elementor-container elementor-column-gap-no\">\n\t\t\t\t\t<div class=\"elementor-column elementor-col-50 elementor-top-column elementor-element elementor-element-4df1e1c\" data-id=\"4df1e1c\" data-element_type=\"column\" data-e-type=\"column\" data-settings=\"{&quot;background_background&quot;:&quot;classic&quot;}\">\n\t\t\t<div class=\"elementor-widget-wrap elementor-element-populated\">\n\t\t\t\t\t\t<div class=\"elementor-element elementor-element-7752fca elementor-widget elementor-widget-text-editor\" data-id=\"7752fca\" data-element_type=\"widget\" data-e-type=\"widget\" data-widget_type=\"text-editor.default\">\n\t\t\t\t<div class=\"elementor-widget-container\">\n\t\t\t\t\t\t\t\t\t<p>Athos Blue v\u0103 ureaz\u0103 bun venit \u00een lumea magic\u0103 a m\u0103rii \u0219i a pescuitului! Bucura\u021bi-v\u0103 de o experien\u021b\u0103 de pescuit unic\u0103 \u0219i combina\u021bi relaxarea \u0219i senza\u021biile tari! Operatorii no\u0219tri experimenta\u021bi v\u0103 vor duce \u00een cele mai bune locuri de pescuit din peninsula Atos, Ouranoupoli \u0219i Ammouliani, cu navele noastre noi \u0219i complet echipate. Dac\u0103 este prima dat\u0103 c\u00e2nd merge\u021bi la pescuit, nu trebuie s\u0103 v\u0103 face\u021bi griji. Navigatorul nostru va fi bucuros s\u0103 v\u0103 ofere sfaturi. Bine\u00een\u021beles c\u0103 v\u0103 punem la dispozi\u021bie tot echipamentul necesar pentru pescuit. Veni\u021bi s\u0103 facem \u00eempreun\u0103 o excursie de pescuit, pe m\u0103sura dumneavoastr\u0103! La toate croazierele recomandate se ofer\u0103 gratuit sandvi\u0219uri reci, ap\u0103 \u0219i b\u0103uturi r\u0103coritoare.<\/p><p>\u00a0<\/p>\t\t\t\t\t\t\t\t<\/div>\n\t\t\t\t<\/div>\n\t\t\t\t\t<\/div>\n\t\t<\/div>\n\t\t\t\t<div class=\"elementor-column elementor-col-50 elementor-top-column elementor-element elementor-element-c1e8d8a elementor-hidden-tablet elementor-hidden-mobile\" data-id=\"c1e8d8a\" data-element_type=\"column\" data-e-type=\"column\" data-settings=\"{&quot;background_background&quot;:&quot;classic&quot;}\">\n\t\t\t<div class=\"elementor-widget-wrap\">\n\t\t\t\t\t\t\t<\/div>\n\t\t<\/div>\n\t\t\t\t\t<\/div>\n\t\t<\/section>\n\t\t\t\t<section class=\"elementor-section elementor-top-section elementor-element elementor-element-43fe47d elementor-section-boxed elementor-section-height-default elementor-section-height-default\" data-id=\"43fe47d\" data-element_type=\"section\" data-e-type=\"section\">\n\t\t\t\t\t\t<div class=\"elementor-container elementor-column-gap-default\">\n\t\t\t\t\t<div class=\"elementor-column elementor-col-100 elementor-top-column elementor-element elementor-element-4a4a1cc\" data-id=\"4a4a1cc\" data-element_type=\"column\" data-e-type=\"column\">\n\t\t\t<div class=\"elementor-widget-wrap elementor-element-populated\">\n\t\t\t\t\t\t<div class=\"elementor-element elementor-element-098f0e2 elementor-widget elementor-widget-gallery\" data-id=\"098f0e2\" data-element_type=\"widget\" data-e-type=\"widget\" data-settings=\"{&quot;lazyload&quot;:&quot;yes&quot;,&quot;gallery_layout&quot;:&quot;grid&quot;,&quot;columns&quot;:4,&quot;columns_tablet&quot;:2,&quot;columns_mobile&quot;:1,&quot;gap&quot;:{&quot;unit&quot;:&quot;px&quot;,&quot;size&quot;:10,&quot;sizes&quot;:[]},&quot;gap_tablet&quot;:{&quot;unit&quot;:&quot;px&quot;,&quot;size&quot;:10,&quot;sizes&quot;:[]},&quot;gap_mobile&quot;:{&quot;unit&quot;:&quot;px&quot;,&quot;size&quot;:10,&quot;sizes&quot;:[]},&quot;link_to&quot;:&quot;file&quot;,&quot;aspect_ratio&quot;:&quot;3:2&quot;,&quot;overlay_background&quot;:&quot;yes&quot;,&quot;content_hover_animation&quot;:&quot;fade-in&quot;}\" data-widget_type=\"gallery.default\">\n\t\t\t\t<div class=\"elementor-widget-container\">\n\t\t\t\t\t\t\t<div class=\"elementor-gallery__container\">\n\t\t\t\t\t\t\t<a class=\"e-gallery-item elementor-gallery-item elementor-animated-content\" href=\"https:\/\/athosblue.com\/wp-content\/uploads\/1M1A7629-scaled.jpg\" data-elementor-open-lightbox=\"yes\" data-elementor-lightbox-slideshow=\"098f0e2\" data-elementor-lightbox-title=\"1M1A7629\" data-e-action-hash=\"#elementor-action%3Aaction%3Dlightbox%26settings%3DeyJpZCI6ODY2LCJ1cmwiOiJodHRwczpcL1wvYXRob3NibHVlLmNvbVwvd3AtY29udGVudFwvdXBsb2Fkc1wvMU0xQTc2Mjktc2NhbGVkLmpwZyIsInNsaWRlc2hvdyI6IjA5OGYwZTIifQ%3D%3D\">\n\t\t\t\t\t<div class=\"e-gallery-image elementor-gallery-item__image\" data-thumbnail=\"https:\/\/athosblue.com\/wp-content\/uploads\/1M1A7629-300x200.jpg\" data-width=\"300\" data-height=\"200\" aria-label=\"\" role=\"img\" ><\/div>\n\t\t\t\t\t\t\t\t\t\t\t<div class=\"elementor-gallery-item__overlay\"><\/div>\n\t\t\t\t\t\t\t\t\t\t\t\t\t\t<\/a>\n\t\t\t\t\t\t\t<a class=\"e-gallery-item elementor-gallery-item elementor-animated-content\" href=\"https:\/\/athosblue.com\/wp-content\/uploads\/1M1A7607-scaled.jpg\" data-elementor-open-lightbox=\"yes\" data-elementor-lightbox-slideshow=\"098f0e2\" data-elementor-lightbox-title=\"1M1A7607\" data-e-action-hash=\"#elementor-action%3Aaction%3Dlightbox%26settings%3DeyJpZCI6ODY1LCJ1cmwiOiJodHRwczpcL1wvYXRob3NibHVlLmNvbVwvd3AtY29udGVudFwvdXBsb2Fkc1wvMU0xQTc2MDctc2NhbGVkLmpwZyIsInNsaWRlc2hvdyI6IjA5OGYwZTIifQ%3D%3D\">\n\t\t\t\t\t<div class=\"e-gallery-image elementor-gallery-item__image\" data-thumbnail=\"https:\/\/athosblue.com\/wp-content\/uploads\/1M1A7607-300x200.jpg\" data-width=\"300\" data-height=\"200\" aria-label=\"\" role=\"img\" ><\/div>\n\t\t\t\t\t\t\t\t\t\t\t<div class=\"elementor-gallery-item__overlay\"><\/div>\n\t\t\t\t\t\t\t\t\t\t\t\t\t\t<\/a>\n\t\t\t\t\t\t\t<a class=\"e-gallery-item elementor-gallery-item elementor-animated-content\" href=\"https:\/\/athosblue.com\/wp-content\/uploads\/357.jpg\" data-elementor-open-lightbox=\"yes\" data-elementor-lightbox-slideshow=\"098f0e2\" data-elementor-lightbox-title=\"357\" data-e-action-hash=\"#elementor-action%3Aaction%3Dlightbox%26settings%3DeyJpZCI6ODE2LCJ1cmwiOiJodHRwczpcL1wvYXRob3NibHVlLmNvbVwvd3AtY29udGVudFwvdXBsb2Fkc1wvMzU3LmpwZyIsInNsaWRlc2hvdyI6IjA5OGYwZTIifQ%3D%3D\">\n\t\t\t\t\t<div class=\"e-gallery-image elementor-gallery-item__image\" data-thumbnail=\"https:\/\/athosblue.com\/wp-content\/uploads\/357-300x200.jpg\" data-width=\"300\" data-height=\"200\" aria-label=\"\" role=\"img\" ><\/div>\n\t\t\t\t\t\t\t\t\t\t\t<div class=\"elementor-gallery-item__overlay\"><\/div>\n\t\t\t\t\t\t\t\t\t\t\t\t\t\t<\/a>\n\t\t\t\t\t<\/div>\n\t\t\t\t\t<\/div>\n\t\t\t\t<\/div>\n\t\t\t\t\t<\/div>\n\t\t<\/div>\n\t\t\t\t\t<\/div>\n\t\t<\/section>\n\t\t\t\t<\/div>","protected":false},"excerpt":{"rendered":"<p>\u0397 Athos Blue \u03c3\u03b1\u03c2 \u03ba\u03b1\u03bb\u03c9\u03c3\u03bf\u03c1\u03af\u03b6\u03b5\u03b9 \u03c3\u03c4\u03bf\u03bd \u03bc\u03b1\u03b3\u03b9\u03ba\u03cc \u03ba\u03cc\u03c3\u03bc\u03bf \u03c4\u03b7\u03c2 \u03b8\u03ac\u03bb\u03b1\u03c3\u03c3\u03b1\u03c2 \u03ba\u03b1\u03b9 \u03c4\u03b7\u03c2 \u03b1\u03bb\u03b9\u03b5\u03af\u03b1\u03c2! \u0391\u03c0\u03bf\u03bb\u03b1\u03cd\u03c3\u03c4\u03b5 \u03bc\u03b9\u03b1 \u03bc\u03bf\u03bd\u03b1\u03b4\u03b9\u03ba\u03ae \u03b5\u03bc\u03c0\u03b5\u03b9\u03c1\u03af\u03b1 \u03c8\u03b1\u03c1\u03ad\u03bc\u03b1\u03c4\u03bf\u03c2 \u03ba\u03b1\u03b9 \u03c3\u03c5\u03bd\u03b4\u03c5\u03ac\u03c3\u03c4\u03b5 \u03c7\u03b1\u03bb\u03ac\u03c1\u03c9\u03c3\u03b7 \u03ba\u03b1\u03b9 \u03b4\u03c5\u03bd\u03b1\u03c4\u03ad\u03c2 \u03c3\u03c5\u03b3\u03ba\u03b9\u03bd\u03ae\u03c3\u03b5\u03b9\u03c2! \u039f\u03b9 \u03ad\u03bc\u03c0\u03b5\u03b9\u03c1\u03bf\u03b9 \u03c7\u03b5\u03b9\u03c1\u03b9\u03c3\u03c4\u03ad\u03c2 \u03bc\u03b1\u03c2 \u03b8\u03b1 \u03c3\u03b1\u03c2 \u03c4\u03b1\u03be\u03b9\u03b4\u03ad\u03c8\u03bf\u03c5\u03bd \u03c3\u03c4\u03bf\u03c5\u03c2 \u03ba\u03b1\u03bb\u03cd\u03c4\u03b5\u03c1\u03bf\u03c5\u03c2 \u03c8\u03b1\u03c1\u03cc\u03c4\u03bf\u03c0\u03bf\u03c5\u03c2 \u03c4\u03b7\u03c2 \u03c7\u03b5\u03c1\u03c3\u03bf\u03bd\u03ae\u03c3\u03bf\u03c5 \u03c4\u03bf\u03c5 \u0386\u03b8\u03c9, \u03c4\u03b7\u03c2 \u039f\u03c5\u03c1\u03b1\u03bd\u03bf\u03cd\u03c0\u03bf\u03bb\u03b7\u03c2 \u03ba\u03b1\u03b9 \u03c4\u03b7\u03c2 \u0391\u03bc\u03bc\u03bf\u03c5\u03bb\u03b9\u03b1\u03bd\u03ae\u03c2, \u03bc\u03b5 \u03c4\u03b1 \u03bf\u03bb\u03bf\u03ba\u03b1\u03af\u03bd\u03bf\u03c5\u03c1\u03b9\u03b1 \u03ba\u03b1\u03b9 \u03c0\u03bb\u03ae\u03c1\u03c9\u03c2 \u03b5\u03be\u03bf\u03c0\u03bb\u03b9\u03c3\u03bc\u03ad\u03bd\u03b1 \u03c3\u03ba\u03ac\u03c6\u03b7 \u03bc\u03b1\u03c2. \u0391\u03bd \u03b5\u03af\u03bd\u03b1\u03b9 \u03b7 \u03c0\u03c1\u03ce\u03c4\u03b7 [&hellip;]<\/p>","protected":false},"author":1,"featured_media":0,"parent":30,"menu_order":0,"comment_status":"closed","ping_status":"closed","template":"","meta":{"footnotes":""},"class_list":["post-606","page","type-page","status-publish","hentry"],"acf":[],"yoast_head":"<!-- This site is optimized with the Yoast SEO plugin v27.5 - https:\/\/yoast.com\/product\/yoast-seo-wordpress\/ -->\n<title>\u03a8\u0391\u03a1\u0395\u039c\u0391 - Athosblue<\/title>\n<meta name=\"robots\" content=\"index, follow, max-snippet:-1, max-image-preview:large, max-video-preview:-1\" \/>\n<link rel=\"canonical\" href=\"https:\/\/athosblue.com\/ro\/cruises\/fishing\/\" \/>\n<meta property=\"og:locale\" content=\"ro_RO\" \/>\n<meta property=\"og:type\" content=\"article\" \/>\n<meta property=\"og:title\" content=\"\u03a8\u0391\u03a1\u0395\u039c\u0391 - Athosblue\" \/>\n<meta property=\"og:description\" content=\"\u0397 Athos Blue \u03c3\u03b1\u03c2 \u03ba\u03b1\u03bb\u03c9\u03c3\u03bf\u03c1\u03af\u03b6\u03b5\u03b9 \u03c3\u03c4\u03bf\u03bd \u03bc\u03b1\u03b3\u03b9\u03ba\u03cc \u03ba\u03cc\u03c3\u03bc\u03bf \u03c4\u03b7\u03c2 \u03b8\u03ac\u03bb\u03b1\u03c3\u03c3\u03b1\u03c2 \u03ba\u03b1\u03b9 \u03c4\u03b7\u03c2 \u03b1\u03bb\u03b9\u03b5\u03af\u03b1\u03c2! \u0391\u03c0\u03bf\u03bb\u03b1\u03cd\u03c3\u03c4\u03b5 \u03bc\u03b9\u03b1 \u03bc\u03bf\u03bd\u03b1\u03b4\u03b9\u03ba\u03ae \u03b5\u03bc\u03c0\u03b5\u03b9\u03c1\u03af\u03b1 \u03c8\u03b1\u03c1\u03ad\u03bc\u03b1\u03c4\u03bf\u03c2 \u03ba\u03b1\u03b9 \u03c3\u03c5\u03bd\u03b4\u03c5\u03ac\u03c3\u03c4\u03b5 \u03c7\u03b1\u03bb\u03ac\u03c1\u03c9\u03c3\u03b7 \u03ba\u03b1\u03b9 \u03b4\u03c5\u03bd\u03b1\u03c4\u03ad\u03c2 \u03c3\u03c5\u03b3\u03ba\u03b9\u03bd\u03ae\u03c3\u03b5\u03b9\u03c2! \u039f\u03b9 \u03ad\u03bc\u03c0\u03b5\u03b9\u03c1\u03bf\u03b9 \u03c7\u03b5\u03b9\u03c1\u03b9\u03c3\u03c4\u03ad\u03c2 \u03bc\u03b1\u03c2 \u03b8\u03b1 \u03c3\u03b1\u03c2 \u03c4\u03b1\u03be\u03b9\u03b4\u03ad\u03c8\u03bf\u03c5\u03bd \u03c3\u03c4\u03bf\u03c5\u03c2 \u03ba\u03b1\u03bb\u03cd\u03c4\u03b5\u03c1\u03bf\u03c5\u03c2 \u03c8\u03b1\u03c1\u03cc\u03c4\u03bf\u03c0\u03bf\u03c5\u03c2 \u03c4\u03b7\u03c2 \u03c7\u03b5\u03c1\u03c3\u03bf\u03bd\u03ae\u03c3\u03bf\u03c5 \u03c4\u03bf\u03c5 \u0386\u03b8\u03c9, \u03c4\u03b7\u03c2 \u039f\u03c5\u03c1\u03b1\u03bd\u03bf\u03cd\u03c0\u03bf\u03bb\u03b7\u03c2 \u03ba\u03b1\u03b9 \u03c4\u03b7\u03c2 \u0391\u03bc\u03bc\u03bf\u03c5\u03bb\u03b9\u03b1\u03bd\u03ae\u03c2, \u03bc\u03b5 \u03c4\u03b1 \u03bf\u03bb\u03bf\u03ba\u03b1\u03af\u03bd\u03bf\u03c5\u03c1\u03b9\u03b1 \u03ba\u03b1\u03b9 \u03c0\u03bb\u03ae\u03c1\u03c9\u03c2 \u03b5\u03be\u03bf\u03c0\u03bb\u03b9\u03c3\u03bc\u03ad\u03bd\u03b1 \u03c3\u03ba\u03ac\u03c6\u03b7 \u03bc\u03b1\u03c2. \u0391\u03bd \u03b5\u03af\u03bd\u03b1\u03b9 \u03b7 \u03c0\u03c1\u03ce\u03c4\u03b7 [&hellip;]\" \/>\n<meta property=\"og:url\" content=\"https:\/\/athosblue.com\/ro\/cruises\/fishing\/\" \/>\n<meta property=\"og:site_name\" content=\"Athosblue\" \/>\n<meta property=\"article:modified_time\" content=\"2024-07-30T14:15:49+00:00\" \/>\n<meta name=\"twitter:card\" content=\"summary_large_image\" \/>\n<meta name=\"twitter:label1\" content=\"Timp estimat pentru citire\" \/>\n\t<meta name=\"twitter:data1\" content=\"1 minut\" \/>\n<script type=\"application\/ld+json\" class=\"yoast-schema-graph\">{\"@context\":\"https:\\\/\\\/schema.org\",\"@graph\":[{\"@type\":\"WebPage\",\"@id\":\"https:\\\/\\\/athosblue.com\\\/cruises\\\/fishing\\\/\",\"url\":\"https:\\\/\\\/athosblue.com\\\/cruises\\\/fishing\\\/\",\"name\":\"\u03a8\u0391\u03a1\u0395\u039c\u0391 - Athosblue\",\"isPartOf\":{\"@id\":\"https:\\\/\\\/athosblue.com\\\/#website\"},\"datePublished\":\"2023-04-27T08:35:26+00:00\",\"dateModified\":\"2024-07-30T14:15:49+00:00\",\"breadcrumb\":{\"@id\":\"https:\\\/\\\/athosblue.com\\\/cruises\\\/fishing\\\/#breadcrumb\"},\"inLanguage\":\"ro-RO\",\"potentialAction\":[{\"@type\":\"ReadAction\",\"target\":[\"https:\\\/\\\/athosblue.com\\\/cruises\\\/fishing\\\/\"]}]},{\"@type\":\"BreadcrumbList\",\"@id\":\"https:\\\/\\\/athosblue.com\\\/cruises\\\/fishing\\\/#breadcrumb\",\"itemListElement\":[{\"@type\":\"ListItem\",\"position\":1,\"name\":\"Home\",\"item\":\"https:\\\/\\\/athosblue.com\\\/\"},{\"@type\":\"ListItem\",\"position\":2,\"name\":\"\u039a\u03c1\u03bf\u03c5\u03b1\u03b6\u03b9\u03ad\u03c1\u03b5\u03c2\",\"item\":\"https:\\\/\\\/athosblue.com\\\/cruises\\\/\"},{\"@type\":\"ListItem\",\"position\":3,\"name\":\"\u03a8\u0391\u03a1\u0395\u039c\u0391\"}]},{\"@type\":\"WebSite\",\"@id\":\"https:\\\/\\\/athosblue.com\\\/#website\",\"url\":\"https:\\\/\\\/athosblue.com\\\/\",\"name\":\"Athosblue\",\"description\":\"\",\"publisher\":{\"@id\":\"https:\\\/\\\/athosblue.com\\\/#organization\"},\"potentialAction\":[{\"@type\":\"SearchAction\",\"target\":{\"@type\":\"EntryPoint\",\"urlTemplate\":\"https:\\\/\\\/athosblue.com\\\/?s={search_term_string}\"},\"query-input\":{\"@type\":\"PropertyValueSpecification\",\"valueRequired\":true,\"valueName\":\"search_term_string\"}}],\"inLanguage\":\"ro-RO\"},{\"@type\":\"Organization\",\"@id\":\"https:\\\/\\\/athosblue.com\\\/#organization\",\"name\":\"Athosblue\",\"url\":\"https:\\\/\\\/athosblue.com\\\/\",\"logo\":{\"@type\":\"ImageObject\",\"inLanguage\":\"ro-RO\",\"@id\":\"https:\\\/\\\/athosblue.com\\\/#\\\/schema\\\/logo\\\/image\\\/\",\"url\":\"https:\\\/\\\/athosblue.com\\\/wp-content\\\/uploads\\\/athos_blue_logo_final.png\",\"contentUrl\":\"https:\\\/\\\/athosblue.com\\\/wp-content\\\/uploads\\\/athos_blue_logo_final.png\",\"width\":1600,\"height\":681,\"caption\":\"Athosblue\"},\"image\":{\"@id\":\"https:\\\/\\\/athosblue.com\\\/#\\\/schema\\\/logo\\\/image\\\/\"}}]}<\/script>\n<!-- \/ Yoast SEO plugin. -->","yoast_head_json":{"title":"\u03a8\u0391\u03a1\u0395\u039c\u0391 - Athosblue","robots":{"index":"index","follow":"follow","max-snippet":"max-snippet:-1","max-image-preview":"max-image-preview:large","max-video-preview":"max-video-preview:-1"},"canonical":"https:\/\/athosblue.com\/ro\/cruises\/fishing\/","og_locale":"ro_RO","og_type":"article","og_title":"\u03a8\u0391\u03a1\u0395\u039c\u0391 - Athosblue","og_description":"\u0397 Athos Blue \u03c3\u03b1\u03c2 \u03ba\u03b1\u03bb\u03c9\u03c3\u03bf\u03c1\u03af\u03b6\u03b5\u03b9 \u03c3\u03c4\u03bf\u03bd \u03bc\u03b1\u03b3\u03b9\u03ba\u03cc \u03ba\u03cc\u03c3\u03bc\u03bf \u03c4\u03b7\u03c2 \u03b8\u03ac\u03bb\u03b1\u03c3\u03c3\u03b1\u03c2 \u03ba\u03b1\u03b9 \u03c4\u03b7\u03c2 \u03b1\u03bb\u03b9\u03b5\u03af\u03b1\u03c2! \u0391\u03c0\u03bf\u03bb\u03b1\u03cd\u03c3\u03c4\u03b5 \u03bc\u03b9\u03b1 \u03bc\u03bf\u03bd\u03b1\u03b4\u03b9\u03ba\u03ae \u03b5\u03bc\u03c0\u03b5\u03b9\u03c1\u03af\u03b1 \u03c8\u03b1\u03c1\u03ad\u03bc\u03b1\u03c4\u03bf\u03c2 \u03ba\u03b1\u03b9 \u03c3\u03c5\u03bd\u03b4\u03c5\u03ac\u03c3\u03c4\u03b5 \u03c7\u03b1\u03bb\u03ac\u03c1\u03c9\u03c3\u03b7 \u03ba\u03b1\u03b9 \u03b4\u03c5\u03bd\u03b1\u03c4\u03ad\u03c2 \u03c3\u03c5\u03b3\u03ba\u03b9\u03bd\u03ae\u03c3\u03b5\u03b9\u03c2! \u039f\u03b9 \u03ad\u03bc\u03c0\u03b5\u03b9\u03c1\u03bf\u03b9 \u03c7\u03b5\u03b9\u03c1\u03b9\u03c3\u03c4\u03ad\u03c2 \u03bc\u03b1\u03c2 \u03b8\u03b1 \u03c3\u03b1\u03c2 \u03c4\u03b1\u03be\u03b9\u03b4\u03ad\u03c8\u03bf\u03c5\u03bd \u03c3\u03c4\u03bf\u03c5\u03c2 \u03ba\u03b1\u03bb\u03cd\u03c4\u03b5\u03c1\u03bf\u03c5\u03c2 \u03c8\u03b1\u03c1\u03cc\u03c4\u03bf\u03c0\u03bf\u03c5\u03c2 \u03c4\u03b7\u03c2 \u03c7\u03b5\u03c1\u03c3\u03bf\u03bd\u03ae\u03c3\u03bf\u03c5 \u03c4\u03bf\u03c5 \u0386\u03b8\u03c9, \u03c4\u03b7\u03c2 \u039f\u03c5\u03c1\u03b1\u03bd\u03bf\u03cd\u03c0\u03bf\u03bb\u03b7\u03c2 \u03ba\u03b1\u03b9 \u03c4\u03b7\u03c2 \u0391\u03bc\u03bc\u03bf\u03c5\u03bb\u03b9\u03b1\u03bd\u03ae\u03c2, \u03bc\u03b5 \u03c4\u03b1 \u03bf\u03bb\u03bf\u03ba\u03b1\u03af\u03bd\u03bf\u03c5\u03c1\u03b9\u03b1 \u03ba\u03b1\u03b9 \u03c0\u03bb\u03ae\u03c1\u03c9\u03c2 \u03b5\u03be\u03bf\u03c0\u03bb\u03b9\u03c3\u03bc\u03ad\u03bd\u03b1 \u03c3\u03ba\u03ac\u03c6\u03b7 \u03bc\u03b1\u03c2. \u0391\u03bd \u03b5\u03af\u03bd\u03b1\u03b9 \u03b7 \u03c0\u03c1\u03ce\u03c4\u03b7 [&hellip;]","og_url":"https:\/\/athosblue.com\/ro\/cruises\/fishing\/","og_site_name":"Athosblue","article_modified_time":"2024-07-30T14:15:49+00:00","twitter_card":"summary_large_image","twitter_misc":{"Timp estimat pentru citire":"1 minut"},"schema":{"@context":"https:\/\/schema.org","@graph":[{"@type":"WebPage","@id":"https:\/\/athosblue.com\/cruises\/fishing\/","url":"https:\/\/athosblue.com\/cruises\/fishing\/","name":"\u03a8\u0391\u03a1\u0395\u039c\u0391 - Athosblue","isPartOf":{"@id":"https:\/\/athosblue.com\/#website"},"datePublished":"2023-04-27T08:35:26+00:00","dateModified":"2024-07-30T14:15:49+00:00","breadcrumb":{"@id":"https:\/\/athosblue.com\/cruises\/fishing\/#breadcrumb"},"inLanguage":"ro-RO","potentialAction":[{"@type":"ReadAction","target":["https:\/\/athosblue.com\/cruises\/fishing\/"]}]},{"@type":"BreadcrumbList","@id":"https:\/\/athosblue.com\/cruises\/fishing\/#breadcrumb","itemListElement":[{"@type":"ListItem","position":1,"name":"Home","item":"https:\/\/athosblue.com\/"},{"@type":"ListItem","position":2,"name":"\u039a\u03c1\u03bf\u03c5\u03b1\u03b6\u03b9\u03ad\u03c1\u03b5\u03c2","item":"https:\/\/athosblue.com\/cruises\/"},{"@type":"ListItem","position":3,"name":"\u03a8\u0391\u03a1\u0395\u039c\u0391"}]},{"@type":"WebSite","@id":"https:\/\/athosblue.com\/#website","url":"https:\/\/athosblue.com\/","name":"Athosblue","description":"","publisher":{"@id":"https:\/\/athosblue.com\/#organization"},"potentialAction":[{"@type":"SearchAction","target":{"@type":"EntryPoint","urlTemplate":"https:\/\/athosblue.com\/?s={search_term_string}"},"query-input":{"@type":"PropertyValueSpecification","valueRequired":true,"valueName":"search_term_string"}}],"inLanguage":"ro-RO"},{"@type":"Organization","@id":"https:\/\/athosblue.com\/#organization","name":"Athosblue","url":"https:\/\/athosblue.com\/","logo":{"@type":"ImageObject","inLanguage":"ro-RO","@id":"https:\/\/athosblue.com\/#\/schema\/logo\/image\/","url":"https:\/\/athosblue.com\/wp-content\/uploads\/athos_blue_logo_final.png","contentUrl":"https:\/\/athosblue.com\/wp-content\/uploads\/athos_blue_logo_final.png","width":1600,"height":681,"caption":"Athosblue"},"image":{"@id":"https:\/\/athosblue.com\/#\/schema\/logo\/image\/"}}]}},"_links":{"self":[{"href":"https:\/\/athosblue.com\/ro\/wp-json\/wp\/v2\/pages\/606","targetHints":{"allow":["GET"]}}],"collection":[{"href":"https:\/\/athosblue.com\/ro\/wp-json\/wp\/v2\/pages"}],"about":[{"href":"https:\/\/athosblue.com\/ro\/wp-json\/wp\/v2\/types\/page"}],"author":[{"embeddable":true,"href":"https:\/\/athosblue.com\/ro\/wp-json\/wp\/v2\/users\/1"}],"replies":[{"embeddable":true,"href":"https:\/\/athosblue.com\/ro\/wp-json\/wp\/v2\/comments?post=606"}],"version-history":[{"count":35,"href":"https:\/\/athosblue.com\/ro\/wp-json\/wp\/v2\/pages\/606\/revisions"}],"predecessor-version":[{"id":1026,"href":"https:\/\/athosblue.com\/ro\/wp-json\/wp\/v2\/pages\/606\/revisions\/1026"}],"up":[{"embeddable":true,"href":"https:\/\/athosblue.com\/ro\/wp-json\/wp\/v2\/pages\/30"}],"wp:attachment":[{"href":"https:\/\/athosblue.com\/ro\/wp-json\/wp\/v2\/media?parent=606"}],"curies":[{"name":"wp","href":"https:\/\/api.w.org\/{rel}","templated":true}]}}